{"id":995,"date":"2021-07-12T10:31:36","date_gmt":"2021-07-12T10:31:36","guid":{"rendered":"https:\/\/plancabanyal.es\/perfil-del-contractant\/informacio\/"},"modified":"2022-11-16T12:58:18","modified_gmt":"2022-11-16T11:58:18","slug":"informacio","status":"publish","type":"page","link":"https:\/\/plancabanyal.es\/va\/perfil-del-contractant\/informacio\/","title":{"rendered":"Informaci\u00f3"},"content":{"rendered":"<p>[vc_row][vc_column][vc_column_text]<\/p>\n<h2 style=\"text-align: center;\">PERFIL DEL CONTRACTANT<\/h2>\n<p>[\/vc_column_text][vc_column_text]Plan Cabanyal-Canyamelar, S.A. \u00e9s una societat mercantil que forma part del sector p\u00fablic de l&#8217;Ajuntament de Val\u00e8ncia i de la Generalitat Valenciana, t\u00e9 la consideraci\u00f3 de poder adjudicador que no reuneix la condici\u00f3 d&#8217;Administraci\u00f3 P\u00fablica i els seus contractes tenen el car\u00e0cter de privats, a l&#8217;efecte del que s&#8217;estableix en la Llei 9\/2017, de 8 de novembre, de Contractes del Sector P\u00fablic (LCSP).<\/p>\n<p>Els contractes de PCCSA es regeixen per les normes del T\u00edtol I del LLIBRE TERCER de la Llei de Contractes del Sector P\u00fablic.<\/p>\n<div class=\"contenido\">\n<p>Relaci\u00f3 de licitacions i adjudicacions a partir de l&#8217;entrada en vigor, el dia 9 de mar\u00e7 de 2018, de la Llei 9\/2017, de 8 de novembre, de Contractes del Sector P\u00fablic. I aix\u00f2 en compliment del que es disposa en l&#8217;article 63 de la citada Llei; en l&#8217;article 8.1.a) de la Llei 19\/2013, de 9 de desembre, de Transpar\u00e8ncia, Acc\u00e9s a la Informaci\u00f3 P\u00fablica i Bon Govern; i, en l&#8217;Article 9.1.a) de la Llei 2\/2015, de 2 d&#8217;abril, de la Generalitat, de Transpar\u00e8ncia, Bon Govern i Participaci\u00f3 Ciutadana de la Comunitat Valenciana.<\/p>\n<ul>\n<li><a href=\"https:\/\/contrataciondelestado.es\/wps\/poc?uri=deeplink%3AperfilContratante&amp;idBp=MvSzmVM2xRcuf4aBO%2BvQlQ%3D%3D\" target=\"_blank\" rel=\"noopener\"><strong><em> <u>Plataforma de Contractaci\u00f3 del Sector P\u00fablic.<\/u><\/em><\/strong><\/a> \u00d2rgan de contractaci\u00f3: Consell d&#8217;Administraci\u00f3.<\/li>\n<li><a href=\"https:\/\/contrataciondelestado.es\/wps\/poc?uri=deeplink%3AperfilContratante&amp;idBp=PjrMeK%2BRsPEQK2TEfXGy%2BA%3D%3D\" target=\"_blank\" rel=\"noopener\"><strong><em><u>Plataforma de Contractaci\u00f3 del Sector P\u00fablic.<\/u><\/em><\/strong><\/a> \u00d2rgan de contractaci\u00f3: Ger\u00e8ncia.<\/li>\n<\/ul>\n<p>&nbsp;<\/p>\n<p style=\"text-align: center;\"><strong>INFORMACI\u00d3 ADDICIONAL<\/strong><\/p>\n<ul>\n<li><strong>REGISTRE MANTENIMENT DE TERCERS (01\/03\/2021)<\/strong><\/li>\n<\/ul>\n<p style=\"padding-left: 40px;\">Per a percebre pagaments de Plan Cabanyal-Canyamelar, S. A. els prove\u00efdors i clients hauran d\u00b4estar donats d\u00b4alta en el registre de tercers.<\/p>\n<p style=\"padding-left: 40px;\">Amb car\u00e0cter general, els pagaments a prove\u00efdors i clients es faran efectius per transfer\u00e8ncia banc\u00e0ria, al compte que pel prove\u00efdor\/client es designe, la qual haur\u00e0 d\u00b4estar oberta a nom de la persona o entitat, al favor de la qual s\u00b4haja expedit l\u00b4ordre de pagament.<\/p>\n<p style=\"padding-left: 40px;\">Per a l\u00b4addici\u00f3 o canvi de compte haur\u00e0 de presentar-se novament la sol\u00b7licitud d\u00b4alta de tercers.<\/p>\n<p style=\"padding-left: 40px;\"><a href=\"https:\/\/plancabanyal.es\/wp-content\/uploads\/2021\/07\/650d5852e5.pdf\" target=\"_blank\" rel=\"noopener\"><strong>FORMULARI<\/strong><\/a><\/p>\n<p>&nbsp;<\/p>\n<ul>\n<li><strong>INSCRIPCI\u00d3 EN EL REGISTRE DE LICITADORS.<\/strong><\/li>\n<\/ul>\n<p style=\"padding-left: 40px;\"><strong>Abans del 9 de setembre de 2018 els licitadors que es presenten a processos de contractaci\u00f3 convocats per aquesta societat p\u00fablica realitzats a trav\u00e9s del procediment obert simplificat hauran d\u00b4estar inscrits en el Registre Oficial de Licitadors i Empreses Classificades de l\u00b4Estat (ROLECE) o b\u00e9 de la CCAA.<\/strong><\/p>\n<p style=\"padding-left: 40px;\"><strong>Estar inscrit en ROLECE \u00e9s obligatori, a partir del 9 de setembre, per a tota empresa que vulga participar en una licitaci\u00f3 de l\u00b4administraci\u00f3.<\/strong>\u00a0Obligatorietat recollida en la\u00a0<a href=\"https:\/\/www.boe.es\/buscar\/act.php?id=BOE-A-2017-12902\" target=\"_blank\" rel=\"noopener\">Llei 9\/2017<\/a>, de 8 de novembre, de Contractes del Sector P\u00fablico (DT 3a).<\/p>\n<p>&nbsp;<\/p>\n<h3>DADES GENERALS<\/h3>\n<p><strong>Organitzaci\u00f3 contractant:\u00a0<\/strong>Sector p\u00fablic.<br \/>\n<strong>\u00d2rgans de contractaci\u00f3:<\/strong>\u00a0Consell d\u00b4Administraci\u00f3 de Cabanyal 2010 SA i Gerent.<br \/>\n<strong>C.I.F.:<\/strong>\u00a0A 97628242<br \/>\n<strong>Idioma:<\/strong>\u00a0Espanyol.<br \/>\n<strong>Adre\u00e7a postal:<\/strong>\u00a0Carrer de la Reina, 105, baixos, 46011, Val\u00e8ncia, Espanya.<\/p>\n<p><strong>Perfil del contractant:<\/strong>\u00a0En compliment de l\u00b4article 42 de la Llei de contractes del sector p\u00fablic, el perfil del contractant de Plan Cabanyal \u2013 Canyamelar, S.A. es troba a l\u00b4adre\u00e7a web\u00a0<a class=\"enlace azul\" href=\"http:\/\/www.contratacion.gva.es\/\" target=\"_blank\" rel=\"noopener\"><strong>www.contratacion.gva.es<\/strong><\/a><\/p>\n<\/div>\n<p>&nbsp;<\/p>\n<div class=\"contenido\">\n<p>&nbsp;<\/p>\n<\/div>\n<p>[\/vc_column_text][\/vc_column][\/vc_row]<\/p>\n","protected":false},"excerpt":{"rendered":"<p>[vc_row][vc_column][vc_column_text] PERFIL DEL CONTRACTANT [\/vc_column_text][vc_column_text]Plan Cabanyal-Canyamelar, S.A. \u00e9s una societat mercantil que forma part del sector p\u00fablic de l&#8217;Ajuntament de [&hellip;]<\/p>\n","protected":false},"author":1,"featured_media":0,"parent":994,"menu_order":0,"comment_status":"closed","ping_status":"closed","template":"","meta":{"site-sidebar-layout":"no-sidebar","site-content-layout":"plain-container","ast-site-content-layout":"default","site-content-style":"default","site-sidebar-style":"default","ast-global-header-display":"","ast-banner-title-visibility":"","ast-main-header-display":"","ast-hfb-above-header-display":"","ast-hfb-below-header-display":"","ast-hfb-mobile-header-display":"","site-post-title":"disabled","ast-breadcrumbs-content":"","ast-featured-img":"disabled","footer-sml-layout":"","theme-transparent-header-meta":"default","adv-header-id-meta":"","stick-header-meta":"","header-above-stick-meta":"","header-main-stick-meta":"","header-below-stick-meta":"","astra-migrate-meta-layouts":"default","ast-page-background-enabled":"default","ast-page-background-meta":{"desktop":{"background-color":"var(--ast-global-color-5)","background-image":"","background-repeat":"repeat","background-position":"center center","background-size":"auto","background-attachment":"scroll","background-type":"","background-media":"","overlay-type":"","overlay-color":"","overlay-opacity":"","overlay-gradient":""},"tablet":{"background-color":"","background-image":"","background-repeat":"repeat","background-position":"center center","background-size":"auto","background-attachment":"scroll","background-type":"","background-media":"","overlay-type":"","overlay-color":"","overlay-opacity":"","overlay-gradient":""},"mobile":{"background-color":"","background-image":"","background-repeat":"repeat","background-position":"center center","background-size":"auto","background-attachment":"scroll","background-type":"","background-media":"","overlay-type":"","overlay-color":"","overlay-opacity":"","overlay-gradient":""}},"ast-content-background-meta":{"desktop":{"background-color":"var(--ast-global-color-4)","background-image":"","background-repeat":"repeat","background-position":"center center","background-size":"auto","background-attachment":"scroll","background-type":"","background-media":"","overlay-type":"","overlay-color":"","overlay-opacity":"","overlay-gradient":""},"tablet":{"background-color":"var(--ast-global-color-4)","background-image":"","background-repeat":"repeat","background-position":"center center","background-size":"auto","background-attachment":"scroll","background-type":"","background-media":"","overlay-type":"","overlay-color":"","overlay-opacity":"","overlay-gradient":""},"mobile":{"background-color":"var(--ast-global-color-4)","background-image":"","background-repeat":"repeat","background-position":"center center","background-size":"auto","background-attachment":"scroll","background-type":"","background-media":"","overlay-type":"","overlay-color":"","overlay-opacity":"","overlay-gradient":""}}},"acf":[],"_links":{"self":[{"href":"https:\/\/plancabanyal.es\/va\/wp-json\/wp\/v2\/pages\/995"}],"collection":[{"href":"https:\/\/plancabanyal.es\/va\/wp-json\/wp\/v2\/pages"}],"about":[{"href":"https:\/\/plancabanyal.es\/va\/wp-json\/wp\/v2\/types\/page"}],"author":[{"embeddable":true,"href":"https:\/\/plancabanyal.es\/va\/wp-json\/wp\/v2\/users\/1"}],"replies":[{"embeddable":true,"href":"https:\/\/plancabanyal.es\/va\/wp-json\/wp\/v2\/comments?post=995"}],"version-history":[{"count":7,"href":"https:\/\/plancabanyal.es\/va\/wp-json\/wp\/v2\/pages\/995\/revisions"}],"predecessor-version":[{"id":7650,"href":"https:\/\/plancabanyal.es\/va\/wp-json\/wp\/v2\/pages\/995\/revisions\/7650"}],"up":[{"embeddable":true,"href":"https:\/\/plancabanyal.es\/va\/wp-json\/wp\/v2\/pages\/994"}],"wp:attachment":[{"href":"https:\/\/plancabanyal.es\/va\/wp-json\/wp\/v2\/media?parent=995"}],"curies":[{"name":"wp","href":"https:\/\/api.w.org\/{rel}","templated":true}]}}