{"id":990,"date":"2021-07-12T07:15:08","date_gmt":"2021-07-12T07:15:08","guid":{"rendered":"https:\/\/plancabanyal.es\/inicio\/"},"modified":"2025-06-30T13:57:57","modified_gmt":"2025-06-30T11:57:57","slug":"inicio","status":"publish","type":"page","link":"https:\/\/plancabanyal.es\/va\/","title":{"rendered":"Inici"},"content":{"rendered":"\n<style>\n  .banner-container {\n    position: relative;\n    height: 90px;\n    overflow: hidden;\n    font-family: 'Poppins', sans-serif;\n  }\n\n  .banner-slide {\n    position: absolute;\n    top: 0; left: 0;\n    width: 100%; height: 100%;\n    background-size: cover;\n    background-position: center;\n    opacity: 0;\n    animation: bannerShow 20s infinite;\n  }\n\n  .banner-slide:nth-child(1) {\n    background-image: url('https:\/\/plancabanyal.es\/wp-content\/uploads\/2025\/06\/WhatsApp-Image-2025-06-18-at-11.52.03.jpeg');\n    animation-delay: 0s;\n  }\n\n  .banner-slide:nth-child(2) {\n    background-image: url('https:\/\/plancabanyal.es\/wp-content\/uploads\/2025\/06\/WhatsApp-Image-2025-06-18-at-11.52.00.jpeg');\n    animation-delay: 4s;\n  }\n\n  .banner-slide:nth-child(3) {\n    background-image: url('https:\/\/plancabanyal.es\/wp-content\/uploads\/2025\/06\/WhatsApp-Image-2025-06-18-at-11.52.08.jpeg');\n    animation-delay: 8s;\n  }\n\n  .banner-slide:nth-child(4) {\n    background-image: url('https:\/\/plancabanyal.es\/wp-content\/uploads\/2025\/06\/WhatsApp-Image-2025-06-17-at-14.43.49.jpeg');\n    animation-delay: 12s;\n  }\n\n  .banner-slide:nth-child(5) {\n    background-image: url('https:\/\/plancabanyal.es\/wp-content\/uploads\/2025\/06\/WhatsApp-Image-2025-06-17-at-14.43.50.jpeg');\n    animation-delay: 16s;\n  }\n\n  @keyframes bannerShow {\n    0% { opacity: 0; }\n    5% { opacity: 1; }\n    25% { opacity: 1; }\n    30% { opacity: 0; }\n    100% { opacity: 0; }\n  }\n\n  .banner-text {\n    position: absolute;\n    top: 50%; left: 50%;\n    transform: translate(-50%, -50%);\n    text-align: center;\n    color: white;\n    font-weight: 700;\n    font-size: 1.6rem;\n    text-shadow: 1px 1px 6px rgba(0, 0, 0, 0.6);\n    white-space: nowrap;\n    z-index: 2;\n  }\n\n  .banner-text::after {\n    content: \"Rehabilitaci\u00f3n\";\n    animation: changeWord 9s infinite;\n  }\n\n  @keyframes changeWord {\n    0%, 33% {\n      content: \"Rehabilitaci\u00f3\";\n    }\n    34%, 66% {\n      content: \"Revitalizaci\u00f3\";\n    }\n    67%, 100% {\n      content: \"Regeneraci\u00f3\";\n    }\n  }\n\n  @media screen and (max-width: 768px) {\n    .banner-container {\n      height: 60px;\n    }\n    .banner-text {\n      font-size: 1rem;\n    }\n  }\n<\/style>\n\n<div class=\"banner-container\">\n  <div class=\"banner-slide\"><\/div>\n  <div class=\"banner-slide\"><\/div>\n  <div class=\"banner-slide\"><\/div>\n  <div class=\"banner-slide\"><\/div>\n  <div class=\"banner-slide\"><\/div>\n  <div class=\"banner-text\"><\/div>\n<\/div>\n\n\n<p>&nbsp;<\/p>\n\n\n<div class=\"wp-block-media-text alignwide is-stacked-on-mobile\"><figure class=\"wp-block-media-text__media\"><img loading=\"lazy\" width=\"1024\" height=\"1024\" src=\"https:\/\/plancabanyal.es\/wp-content\/uploads\/2025\/06\/ChatGPT-Image-12-jun-2025-17_11_57-1.png\" alt=\"\" class=\"wp-image-11913 size-full\" srcset=\"https:\/\/plancabanyal.es\/wp-content\/uploads\/2025\/06\/ChatGPT-Image-12-jun-2025-17_11_57-1.png 1024w, https:\/\/plancabanyal.es\/wp-content\/uploads\/2025\/06\/ChatGPT-Image-12-jun-2025-17_11_57-1-300x300.png 300w, https:\/\/plancabanyal.es\/wp-content\/uploads\/2025\/06\/ChatGPT-Image-12-jun-2025-17_11_57-1-150x150.png 150w, https:\/\/plancabanyal.es\/wp-content\/uploads\/2025\/06\/ChatGPT-Image-12-jun-2025-17_11_57-1-768x768.png 768w\" sizes=\"(max-width: 1024px) 100vw, 1024px\" \/><\/figure><div class=\"wp-block-media-text__content\">\n<h2>Coneix PCCSA<\/h2>\n\n\n\nPlan Cabanyal-Canyamelar, S.A.\u00a0\u00e9s una societat mercantil participada al 50% per l\u2019Ajuntament de Val\u00e8ncia, a trav\u00e9s d\u2019Actuacions Urbanes Municipals, S.A. (AUMSA), i al 50% per la Generalitat Valenciana, a trav\u00e9s de l\u2019Entitat Valenciana de Vivenda i S\u00f2l (EVHA).<\/p>\n\n\n\nConstitu\u00efx el seu objecte social portar a terme totes les actuacions urban\u00edstiques i d\u2019edificaci\u00f3 necess\u00e0ries per a la rehabilitaci\u00f3 dels espais compresos en el barri Cabanyal-Canyamelar, aix\u00ed com portar a terme totes aquelles intervencions que, igualment, contribu\u00efsquen a la revitalitzaci\u00f3 del Barri del Cabanyal-Canyamelar.<\/p>\n<\/div><\/div>\n\n\n\n<p><\/p>\n\n\n\n<hr class=\"wp-block-separator\"\/>\n\n\n\n<h2 class=\"has-text-align-center\">A un clic<\/h2>\n\n\n\n<section style=\"font-family: 'Poppins', sans-serif; max-width: 1100px; margin: auto; padding: 50px 20px;\">\n<div style=\"display: grid; grid-template-columns: repeat(auto-fit, minmax(300px, 1fr)); gap: 30px;\">\n \n    <a href=\"https:\/\/plancabanyal.es\/va\/perfil-del-contratante\/licitacions\/\" style=\"text-decoration: none;\">\n<div style=\"border-radius: 12px; overflow: hidden; box-shadow: 0 8px 24px rgba(0,0,0,0.06); background-color: #fff; transition: transform 0.3s, box-shadow 0.3s;\">\n<div style=\"overflow: hidden;\">\n<img style=\"width: 100%; height: 180px; object-fit: cover; transition: transform 0.3s;\" src=\"https:\/\/plancabanyal.es\/wp-content\/uploads\/2025\/06\/Padre-Luis-Navarro-221-scaled.jpg\" alt=\"Licitacions\">\n<\/div>\n<div style=\"padding: 20px; text-align: center;\">\n<h3 style=\"font-weight: 600; font-size: 1.2rem; color: #005b82; margin: 0;\">Licitacions<\/h3>\n<\/div>\n<\/div>\n<\/a>\n \n    <a href=\"https:\/\/plancabanyal.es\/va\/oficina-de-rehabilitacio\/subvencions\/\" style=\"text-decoration: none;\">\n<div style=\"border-radius: 12px; overflow: hidden; box-shadow: 0 8px 24px rgba(0,0,0,0.06); background-color: #fff; transition: transform 0.3s, box-shadow 0.3s;\">\n<div style=\"overflow: hidden;\">\n<img style=\"width: 100%; height: 180px; object-fit: cover; transition: transform 0.3s;\" src=\"https:\/\/plancabanyal.es\/wp-content\/uploads\/2025\/06\/WhatsApp-Image-2025-06-12-at-10.14.52.jpeg\" alt=\"Subvencions\">\n<\/div>\n<div style=\"padding: 20px; text-align: center;\">\n<h3 style=\"font-weight: 600; font-size: 1.2rem; color: #005b82; margin: 0;\">Ajudes<\/h3>\n<\/div>\n<\/div>\n<\/a>\n \n    <a href=\"https:\/\/plancabanyal.es\/va\/planejament-del-cabanyal-canyamelar\/pec\/\" style=\"text-decoration: none;\">\n<div style=\"border-radius: 12px; overflow: hidden; box-shadow: 0 8px 24px rgba(0,0,0,0.06); background-color: #fff; transition: transform 0.3s, box-shadow 0.3s;\">\n<div style=\"overflow: hidden;\">\n<img style=\"width: 100%; height: 180px; object-fit: cover; transition: transform 0.3s;\" src=\"https:\/\/plancabanyal.es\/wp-content\/uploads\/2025\/06\/0315-PEC-CABANYAL-1.jpg\" alt=\"Pla Especial del Cabanyal\">\n<\/div>\n<div style=\"padding: 20px; text-align: center;\">\n<h3 style=\"font-weight: 600; font-size: 1.2rem; color: #005b82; margin: 0;\">Pla Especial del Cabanyal<\/h3>\n<\/div>\n<\/div>\n<\/a>\n \n  <\/div>\n<\/section>\n \n<style>\n  a:hover img {\n    transform: scale(1.05);\n  }\n  a:hover div {\n    box-shadow: 0 10px 28px rgba(0,0,0,0.12);\n  }\n<\/style>\n\n\n\n<hr class=\"wp-block-separator\"\/>\n\n\n\n<h2 class=\"has-text-align-center\">Actualitat<\/h2>\n\n\n\n<div class=\"wp-block-columns\">\n<div class=\"wp-block-column\" style=\"flex-basis:100%\"><ul class=\"wp-block-latest-posts__list is-grid columns-3 wp-block-latest-posts\"><li><div class=\"wp-block-latest-posts__featured-image aligncenter\"><img width=\"300\" height=\"169\" src=\"https:\/\/plancabanyal.es\/wp-content\/uploads\/2026\/05\/0506-Transit-IES-Cabanyal-3-300x169.jpg\" class=\"attachment-medium size-medium wp-post-image\" alt=\"\" loading=\"lazy\" style=\"\" srcset=\"https:\/\/plancabanyal.es\/wp-content\/uploads\/2026\/05\/0506-Transit-IES-Cabanyal-3-300x169.jpg 300w, https:\/\/plancabanyal.es\/wp-content\/uploads\/2026\/05\/0506-Transit-IES-Cabanyal-3-1024x576.jpg 1024w, https:\/\/plancabanyal.es\/wp-content\/uploads\/2026\/05\/0506-Transit-IES-Cabanyal-3-768x432.jpg 768w, https:\/\/plancabanyal.es\/wp-content\/uploads\/2026\/05\/0506-Transit-IES-Cabanyal-3-1536x864.jpg 1536w, https:\/\/plancabanyal.es\/wp-content\/uploads\/2026\/05\/0506-Transit-IES-Cabanyal-3.jpg 1600w\" sizes=\"(max-width: 300px) 100vw, 300px\" \/><\/div><a href=\"https:\/\/plancabanyal.es\/va\/el-ayuntamiento-ejecuta-medidas-de-pacificacion-del-trafico-en-el-entorno-del-ies-cabanyal\/\">L\u2019Ajuntament executa mesures per calmar el tr\u00e0nsit al voltant de l\u2019IES Cabanyal<\/a><\/li>\n<li><div class=\"wp-block-latest-posts__featured-image aligncenter\"><img width=\"300\" height=\"169\" src=\"https:\/\/plancabanyal.es\/wp-content\/uploads\/2026\/05\/0508-Imatge-darxiu-\u00a9Microfilm-Setmana-Santa-Marinera-300x169.jpg\" class=\"attachment-medium size-medium wp-post-image\" alt=\"\" loading=\"lazy\" style=\"\" srcset=\"https:\/\/plancabanyal.es\/wp-content\/uploads\/2026\/05\/0508-Imatge-darxiu-\u00a9Microfilm-Setmana-Santa-Marinera-300x169.jpg 300w, https:\/\/plancabanyal.es\/wp-content\/uploads\/2026\/05\/0508-Imatge-darxiu-\u00a9Microfilm-Setmana-Santa-Marinera-1024x576.jpg 1024w, https:\/\/plancabanyal.es\/wp-content\/uploads\/2026\/05\/0508-Imatge-darxiu-\u00a9Microfilm-Setmana-Santa-Marinera-768x432.jpg 768w, https:\/\/plancabanyal.es\/wp-content\/uploads\/2026\/05\/0508-Imatge-darxiu-\u00a9Microfilm-Setmana-Santa-Marinera.jpg 1200w\" sizes=\"(max-width: 300px) 100vw, 300px\" \/><\/div><a href=\"https:\/\/plancabanyal.es\/va\/la-junta-municipal-del-maritimo-invita-a-la-ciudadania-para-que-visibilice-la-semana-santa-marinera-con-fotografias\/\">La Junta Municipal del Mar\u00edtim convida la ciutadania perqu\u00e8 visibilitze la Setmana Santa Marinera amb fotografies<\/a><\/li>\n<li><div class=\"wp-block-latest-posts__featured-image aligncenter\"><img width=\"300\" height=\"169\" src=\"https:\/\/plancabanyal.es\/wp-content\/uploads\/2026\/04\/0429-Dia-Jazz--300x169.jpg\" class=\"attachment-medium size-medium wp-post-image\" alt=\"\" loading=\"lazy\" style=\"\" srcset=\"https:\/\/plancabanyal.es\/wp-content\/uploads\/2026\/04\/0429-Dia-Jazz--300x169.jpg 300w, https:\/\/plancabanyal.es\/wp-content\/uploads\/2026\/04\/0429-Dia-Jazz--1024x576.jpg 1024w, https:\/\/plancabanyal.es\/wp-content\/uploads\/2026\/04\/0429-Dia-Jazz--768x432.jpg 768w, https:\/\/plancabanyal.es\/wp-content\/uploads\/2026\/04\/0429-Dia-Jazz-.jpg 1312w\" sizes=\"(max-width: 300px) 100vw, 300px\" \/><\/div><a href=\"https:\/\/plancabanyal.es\/va\/valencia-celebra-este-jueves-el-dia-internacional-del-jazz-con-conciertos-gratuitos-en-la-plaza-del-rosari\/\">Val\u00e8ncia celebra este dijous el Dia Internacional del Jazz amb concerts gratu\u00efts en la pla\u00e7a del Rosari<\/a><\/li>\n<li><div class=\"wp-block-latest-posts__featured-image aligncenter\"><img width=\"240\" height=\"300\" src=\"https:\/\/plancabanyal.es\/wp-content\/uploads\/2026\/04\/CARTEL-CAST-240x300.jpeg\" class=\"attachment-medium size-medium wp-post-image\" alt=\"\" loading=\"lazy\" style=\"\" srcset=\"https:\/\/plancabanyal.es\/wp-content\/uploads\/2026\/04\/CARTEL-CAST-240x300.jpeg 240w, https:\/\/plancabanyal.es\/wp-content\/uploads\/2026\/04\/CARTEL-CAST-819x1024.jpeg 819w, https:\/\/plancabanyal.es\/wp-content\/uploads\/2026\/04\/CARTEL-CAST-768x960.jpeg 768w, https:\/\/plancabanyal.es\/wp-content\/uploads\/2026\/04\/CARTEL-CAST.jpeg 1080w\" sizes=\"(max-width: 240px) 100vw, 240px\" \/><\/div><a href=\"https:\/\/plancabanyal.es\/va\/participa-en-el-concurso-de-fotografia-de-la-semana-santa-marinera-de-valencia\/\">Participa en el concurso de fotograf\u00eda de la Semana Santa Marinera de Val\u00e8ncia<\/a><\/li>\n<li><div class=\"wp-block-latest-posts__featured-image aligncenter\"><img width=\"300\" height=\"169\" src=\"https:\/\/plancabanyal.es\/wp-content\/uploads\/2026\/04\/0425-Presentacio-cartell-Germandat-Ecce-Homo_web-300x169.jpg\" class=\"attachment-medium size-medium wp-post-image\" alt=\"\" loading=\"lazy\" style=\"\" srcset=\"https:\/\/plancabanyal.es\/wp-content\/uploads\/2026\/04\/0425-Presentacio-cartell-Germandat-Ecce-Homo_web-300x169.jpg 300w, https:\/\/plancabanyal.es\/wp-content\/uploads\/2026\/04\/0425-Presentacio-cartell-Germandat-Ecce-Homo_web-1024x576.jpg 1024w, https:\/\/plancabanyal.es\/wp-content\/uploads\/2026\/04\/0425-Presentacio-cartell-Germandat-Ecce-Homo_web-768x432.jpg 768w, https:\/\/plancabanyal.es\/wp-content\/uploads\/2026\/04\/0425-Presentacio-cartell-Germandat-Ecce-Homo_web-1536x864.jpg 1536w, https:\/\/plancabanyal.es\/wp-content\/uploads\/2026\/04\/0425-Presentacio-cartell-Germandat-Ecce-Homo_web.jpg 1920w\" sizes=\"(max-width: 300px) 100vw, 300px\" \/><\/div><a href=\"https:\/\/plancabanyal.es\/va\/el-ecce-homo-del-cabanyal-abre-la-celebracion-de-su-centenario-con-la-presentacion-de-su-cartel-y-logo-conmemorativo\/\">El Ecce-Homo del Cabanyal abre la celebraci\u00f3n de su Centenario con la presentaci\u00f3n de su cartel y logo conmemorativo<\/a><\/li>\n<li><div class=\"wp-block-latest-posts__featured-image aligncenter\"><img width=\"300\" height=\"169\" src=\"https:\/\/plancabanyal.es\/wp-content\/uploads\/2026\/04\/0424-Parades-venda-Cabanyal-300x169.jpg\" class=\"attachment-medium size-medium wp-post-image\" alt=\"\" loading=\"lazy\" style=\"\" srcset=\"https:\/\/plancabanyal.es\/wp-content\/uploads\/2026\/04\/0424-Parades-venda-Cabanyal-300x169.jpg 300w, https:\/\/plancabanyal.es\/wp-content\/uploads\/2026\/04\/0424-Parades-venda-Cabanyal-1024x576.jpg 1024w, https:\/\/plancabanyal.es\/wp-content\/uploads\/2026\/04\/0424-Parades-venda-Cabanyal-768x432.jpg 768w, https:\/\/plancabanyal.es\/wp-content\/uploads\/2026\/04\/0424-Parades-venda-Cabanyal-1536x864.jpg 1536w, https:\/\/plancabanyal.es\/wp-content\/uploads\/2026\/04\/0424-Parades-venda-Cabanyal.jpg 1920w\" sizes=\"(max-width: 300px) 100vw, 300px\" \/><\/div><a href=\"https:\/\/plancabanyal.es\/va\/la-junta-de-gobierno-aprueba-las-bases-para-las-casetas-de-venta-en-el-paseo-maritimo-del-cabanyal-este-verano\/\">La Junta de Govern aprova les bases per a les casetes de venda en el passeig mar\u00edtim del Cabanyal este estiu<\/a><\/li>\n<\/ul>\n\n\n<div class=\"wp-block-buttons\">\n<div class=\"wp-block-button is-style-outline\"><a class=\"wp-block-button__link\" href=\"https:\/\/plancabanyal.es\/noticias\/\">M\u00e9s not\u00edcies&#8230;<\/a><\/div>\n<\/div>\n<\/div>\n<\/div>\n\n\n\n<hr class=\"wp-block-separator\"\/>\n\n\n\n<div class=\"wp-block-media-text alignwide has-media-on-the-right is-stacked-on-mobile\"><figure class=\"wp-block-media-text__media\"><img loading=\"lazy\" width=\"1024\" height=\"683\" src=\"https:\/\/plancabanyal.es\/wp-content\/uploads\/2025\/06\/ChatGPT-Image-12-jun-2025-18_22_36-1024x683.jpg\" alt=\"\" class=\"wp-image-11937 size-full\" srcset=\"https:\/\/plancabanyal.es\/wp-content\/uploads\/2025\/06\/ChatGPT-Image-12-jun-2025-18_22_36-1024x683.jpg 1024w, https:\/\/plancabanyal.es\/wp-content\/uploads\/2025\/06\/ChatGPT-Image-12-jun-2025-18_22_36-300x200.jpg 300w, https:\/\/plancabanyal.es\/wp-content\/uploads\/2025\/06\/ChatGPT-Image-12-jun-2025-18_22_36-768x512.jpg 768w, https:\/\/plancabanyal.es\/wp-content\/uploads\/2025\/06\/ChatGPT-Image-12-jun-2025-18_22_36.jpg 1536w\" sizes=\"(max-width: 1024px) 100vw, 1024px\" \/><\/figure><div class=\"wp-block-media-text__content\">\n<h2 class=\"has-text-align-right\">Cabanyal-Canyamelar<\/h2>\n\n\n\n<p class=\"has-text-align-right\">El Cabanyal-Canyamelar \u00e9s un barri hist\u00f2ric del districte mar\u00edtim de Val\u00e8ncia, amb una forta identitat pr\u00f2pia i una profunda arrel marinera. El seu tra\u00e7at urb\u00e0, \u00fanic i protegit, reflectix la hist\u00f2ria d&#8217;una comunitat lligada a la mar, amb carrers paral\u00b7lels a la costa i una arquitectura tradicional de gran valor patrimonial, especialment les vivendes decorades amb acolorits taulells.<\/p>\n\n\n\n<p class=\"has-text-align-right\">Este barri representa un patrimoni cultural viu, on la tradici\u00f3 conviu amb els processos de rehabilitaci\u00f3 urbana i revitalitzaci\u00f3 social. En els \u00faltims anys, el Cabanyal-Canyamelar avan\u00e7a cap a un model de regeneraci\u00f3 que posa en valor la seua hist\u00f2ria, el seu teixit ve\u00efnal i la seua riquesa arquitect\u00f2nica i cultural.<\/p>\n<\/div><\/div>\n\n\n\n<hr class=\"wp-block-separator\"\/>\n\n\n\n<div class=\"wp-block-group\">\n<h2 class=\"has-text-align-center\"> Galeria <\/h2>\n\n\n\n<figure class=\"wp-block-gallery columns-6 is-cropped\"><ul class=\"blocks-gallery-grid\"><li class=\"blocks-gallery-item\"><figure><img loading=\"lazy\" width=\"715\" height=\"520\" src=\"https:\/\/plancabanyal.es\/wp-content\/uploads\/2025\/06\/Escalante-225-1.png\" alt=\"\" data-id=\"12098\" data-full-url=\"https:\/\/plancabanyal.es\/wp-content\/uploads\/2025\/06\/Escalante-225-1.png\" data-link=\"https:\/\/plancabanyal.es\/en\/escalante-225-2\/\" class=\"wp-image-12098\" srcset=\"https:\/\/plancabanyal.es\/wp-content\/uploads\/2025\/06\/Escalante-225-1.png 715w, https:\/\/plancabanyal.es\/wp-content\/uploads\/2025\/06\/Escalante-225-1-300x218.png 300w\" sizes=\"(max-width: 715px) 100vw, 715px\" \/><\/figure><\/li><li class=\"blocks-gallery-item\"><figure><img loading=\"lazy\" width=\"406\" height=\"599\" src=\"https:\/\/plancabanyal.es\/wp-content\/uploads\/2025\/06\/Progreso-279-1.png\" alt=\"\" data-id=\"12101\" data-full-url=\"https:\/\/plancabanyal.es\/wp-content\/uploads\/2025\/06\/Progreso-279-1.png\" data-link=\"https:\/\/plancabanyal.es\/en\/progreso-279-2\/\" class=\"wp-image-12101\" srcset=\"https:\/\/plancabanyal.es\/wp-content\/uploads\/2025\/06\/Progreso-279-1.png 406w, https:\/\/plancabanyal.es\/wp-content\/uploads\/2025\/06\/Progreso-279-1-203x300.png 203w\" sizes=\"(max-width: 406px) 100vw, 406px\" \/><\/figure><\/li><li class=\"blocks-gallery-item\"><figure><img loading=\"lazy\" width=\"849\" height=\"739\" src=\"https:\/\/plancabanyal.es\/wp-content\/uploads\/2025\/06\/LEscorxador-1.png\" alt=\"\" data-id=\"12104\" data-full-url=\"https:\/\/plancabanyal.es\/wp-content\/uploads\/2025\/06\/LEscorxador-1.png\" data-link=\"https:\/\/plancabanyal.es\/en\/lescorxador-2\/\" class=\"wp-image-12104\" srcset=\"https:\/\/plancabanyal.es\/wp-content\/uploads\/2025\/06\/LEscorxador-1.png 849w, https:\/\/plancabanyal.es\/wp-content\/uploads\/2025\/06\/LEscorxador-1-300x261.png 300w, https:\/\/plancabanyal.es\/wp-content\/uploads\/2025\/06\/LEscorxador-1-768x668.png 768w\" sizes=\"(max-width: 849px) 100vw, 849px\" \/><\/figure><\/li><li class=\"blocks-gallery-item\"><figure><img loading=\"lazy\" width=\"484\" height=\"336\" src=\"https:\/\/plancabanyal.es\/wp-content\/uploads\/2025\/06\/Progreso-262-1.png\" alt=\"\" data-id=\"12107\" data-full-url=\"https:\/\/plancabanyal.es\/wp-content\/uploads\/2025\/06\/Progreso-262-1.png\" data-link=\"https:\/\/plancabanyal.es\/en\/progreso-262-2\/\" class=\"wp-image-12107\" srcset=\"https:\/\/plancabanyal.es\/wp-content\/uploads\/2025\/06\/Progreso-262-1.png 484w, https:\/\/plancabanyal.es\/wp-content\/uploads\/2025\/06\/Progreso-262-1-300x208.png 300w\" sizes=\"(max-width: 484px) 100vw, 484px\" \/><\/figure><\/li><li class=\"blocks-gallery-item\"><figure><img loading=\"lazy\" width=\"1024\" height=\"768\" src=\"https:\/\/plancabanyal.es\/wp-content\/uploads\/2025\/06\/WhatsApp-Image-2025-06-30-at-09.57.15-1024x768.jpeg\" alt=\"\" data-id=\"12320\" data-full-url=\"https:\/\/plancabanyal.es\/wp-content\/uploads\/2025\/06\/WhatsApp-Image-2025-06-30-at-09.57.15.jpeg\" data-link=\"https:\/\/plancabanyal.es\/en\/whatsapp-image-2025-06-30-at-09-57-15-2\/\" class=\"wp-image-12320\" srcset=\"https:\/\/plancabanyal.es\/wp-content\/uploads\/2025\/06\/WhatsApp-Image-2025-06-30-at-09.57.15-1024x768.jpeg 1024w, https:\/\/plancabanyal.es\/wp-content\/uploads\/2025\/06\/WhatsApp-Image-2025-06-30-at-09.57.15-300x225.jpeg 300w, https:\/\/plancabanyal.es\/wp-content\/uploads\/2025\/06\/WhatsApp-Image-2025-06-30-at-09.57.15-768x576.jpeg 768w, https:\/\/plancabanyal.es\/wp-content\/uploads\/2025\/06\/WhatsApp-Image-2025-06-30-at-09.57.15-1536x1152.jpeg 1536w, https:\/\/plancabanyal.es\/wp-content\/uploads\/2025\/06\/WhatsApp-Image-2025-06-30-at-09.57.15.jpeg 1600w\" sizes=\"(max-width: 1024px) 100vw, 1024px\" \/><\/figure><\/li><li class=\"blocks-gallery-item\"><figure><img loading=\"lazy\" width=\"768\" height=\"1024\" src=\"https:\/\/plancabanyal.es\/wp-content\/uploads\/2025\/06\/WhatsApp-Image-2025-06-30-at-10.34.15-768x1024.jpeg\" alt=\"\" data-id=\"12340\" data-full-url=\"https:\/\/plancabanyal.es\/wp-content\/uploads\/2025\/06\/WhatsApp-Image-2025-06-30-at-10.34.15.jpeg\" data-link=\"https:\/\/plancabanyal.es\/en\/whatsapp-image-2025-06-30-at-10-34-15-2\/\" class=\"wp-image-12340\" srcset=\"https:\/\/plancabanyal.es\/wp-content\/uploads\/2025\/06\/WhatsApp-Image-2025-06-30-at-10.34.15-768x1024.jpeg 768w, https:\/\/plancabanyal.es\/wp-content\/uploads\/2025\/06\/WhatsApp-Image-2025-06-30-at-10.34.15-225x300.jpeg 225w, https:\/\/plancabanyal.es\/wp-content\/uploads\/2025\/06\/WhatsApp-Image-2025-06-30-at-10.34.15-1152x1536.jpeg 1152w, https:\/\/plancabanyal.es\/wp-content\/uploads\/2025\/06\/WhatsApp-Image-2025-06-30-at-10.34.15.jpeg 1200w\" sizes=\"(max-width: 768px) 100vw, 768px\" \/><\/figure><\/li><\/ul><\/figure>\n\n\n\n<div class=\"wp-block-buttons\">\n<div class=\"wp-block-button\"><a class=\"wp-block-button__link\" href=\"https:\/\/plancabanyal.es\/va\/galeria\/\">Fes clic ac\u00ed per a veure m\u00e9s imatges<\/a><\/div>\n<\/div>\n<\/div>\n\n\n\n<figure class=\"wp-block-embed is-type-rich is-provider-spotify wp-block-embed-spotify wp-embed-aspect-21-9 wp-has-aspect-ratio\"><div class=\"wp-block-embed__wrapper\">\n<div class=\"ast-oembed-container \" style=\"height: 100%;\"><iframe title=\"Spotify Embed: UN PASEO POR EL CABANYAL-CANYAMELAR\" style=\"border-radius: 12px\" width=\"100%\" height=\"152\" frameborder=\"0\" allowfullscreen allow=\"autoplay; clipboard-write; encrypted-media; fullscreen; picture-in-picture\" loading=\"lazy\" src=\"https:\/\/open.spotify.com\/embed\/episode\/1B9F5JxXsdwHodwA88S76k?go=1&#038;sp_cid=59179051a11e66aae5f7738bef34a44f&#038;utm_source=oembed&#038;utm_medium=desktop&#038;nd=1&#038;dlsi=80fc4f4eb16d4cd7\"><\/iframe><\/div>\n<\/div><\/figure>\n","protected":false},"excerpt":{"rendered":"<p>&nbsp; Coneix PCCSA Plan Cabanyal-Canyamelar, S.A.\u00a0\u00e9s una societat mercantil participada al 50% per l\u2019Ajuntament de Val\u00e8ncia, a trav\u00e9s d\u2019Actuacions Urbanes [&hellip;]<\/p>\n","protected":false},"author":1,"featured_media":0,"parent":987,"menu_order":0,"comment_status":"closed","ping_status":"closed","template":"","meta":{"site-sidebar-layout":"default","site-content-layout":"plain-container","ast-site-content-layout":"default","site-content-style":"default","site-sidebar-style":"default","ast-global-header-display":"","ast-banner-title-visibility":"","ast-main-header-display":"","ast-hfb-above-header-display":"","ast-hfb-below-header-display":"","ast-hfb-mobile-header-display":"","site-post-title":"disabled","ast-breadcrumbs-content":"","ast-featured-img":"disabled","footer-sml-layout":"","theme-transparent-header-meta":"default","adv-header-id-meta":"","stick-header-meta":"","header-above-stick-meta":"","header-main-stick-meta":"","header-below-stick-meta":"","astra-migrate-meta-layouts":"set","ast-page-background-enabled":"default","ast-page-background-meta":{"desktop":{"background-color":"var(--ast-global-color-5)","background-image":"","background-repeat":"repeat","background-position":"center center","background-size":"auto","background-attachment":"scroll","background-type":"","background-media":"","overlay-type":"","overlay-color":"","overlay-opacity":"","overlay-gradient":""},"tablet":{"background-color":"","background-image":"","background-repeat":"repeat","background-position":"center center","background-size":"auto","background-attachment":"scroll","background-type":"","background-media":"","overlay-type":"","overlay-color":"","overlay-opacity":"","overlay-gradient":""},"mobile":{"background-color":"","background-image":"","background-repeat":"repeat","background-position":"center center","background-size":"auto","background-attachment":"scroll","background-type":"","background-media":"","overlay-type":"","overlay-color":"","overlay-opacity":"","overlay-gradient":""}},"ast-content-background-meta":{"desktop":{"background-color":"var(--ast-global-color-4)","background-image":"","background-repeat":"repeat","background-position":"center center","background-size":"auto","background-attachment":"scroll","background-type":"","background-media":"","overlay-type":"","overlay-color":"","overlay-opacity":"","overlay-gradient":""},"tablet":{"background-color":"var(--ast-global-color-4)","background-image":"","background-repeat":"repeat","background-position":"center center","background-size":"auto","background-attachment":"scroll","background-type":"","background-media":"","overlay-type":"","overlay-color":"","overlay-opacity":"","overlay-gradient":""},"mobile":{"background-color":"var(--ast-global-color-4)","background-image":"","background-repeat":"repeat","background-position":"center center","background-size":"auto","background-attachment":"scroll","background-type":"","background-media":"","overlay-type":"","overlay-color":"","overlay-opacity":"","overlay-gradient":""}}},"acf":[],"_links":{"self":[{"href":"https:\/\/plancabanyal.es\/va\/wp-json\/wp\/v2\/pages\/990"}],"collection":[{"href":"https:\/\/plancabanyal.es\/va\/wp-json\/wp\/v2\/pages"}],"about":[{"href":"https:\/\/plancabanyal.es\/va\/wp-json\/wp\/v2\/types\/page"}],"author":[{"embeddable":true,"href":"https:\/\/plancabanyal.es\/va\/wp-json\/wp\/v2\/users\/1"}],"replies":[{"embeddable":true,"href":"https:\/\/plancabanyal.es\/va\/wp-json\/wp\/v2\/comments?post=990"}],"version-history":[{"count":46,"href":"https:\/\/plancabanyal.es\/va\/wp-json\/wp\/v2\/pages\/990\/revisions"}],"predecessor-version":[{"id":12379,"href":"https:\/\/plancabanyal.es\/va\/wp-json\/wp\/v2\/pages\/990\/revisions\/12379"}],"up":[{"embeddable":true,"href":"https:\/\/plancabanyal.es\/va\/wp-json\/wp\/v2\/pages\/987"}],"wp:attachment":[{"href":"https:\/\/plancabanyal.es\/va\/wp-json\/wp\/v2\/media?parent=990"}],"curies":[{"name":"wp","href":"https:\/\/api.w.org\/{rel}","templated":true}]}}