{"id":9261,"date":"2024-05-03T12:27:03","date_gmt":"2024-05-03T10:27:03","guid":{"rendered":"https:\/\/plancabanyal.es\/?page_id=9261"},"modified":"2025-07-25T14:16:30","modified_gmt":"2025-07-25T12:16:30","slug":"assesorament-energetic","status":"publish","type":"page","link":"https:\/\/plancabanyal.es\/va\/oficina-de-rehabilitacio\/assesorament-energetic\/","title":{"rendered":"Assesorament energ\u00e8tic"},"content":{"rendered":"<p>[vc_row][vc_column][vc_column_text]<\/p>\n<h2><\/h2>\n<h2 style=\"text-align: center;\">Assesorament energ\u00e8tic<\/h2>\n<p>L\u2019<a href=\"https:\/\/climaienergia.com\/oficina\/qui-som\/\">Oficina de l\u2019Energia<\/a> \u00e9s una finestra \u00fanica de la transici\u00f3 energ\u00e8tica a la ciutat de Val\u00e8ncia, un espai d\u2019informaci\u00f3 i formaci\u00f3 sobre l\u2019energia, obert a la ciutadania.<\/p>\n<p>Ofereixen un servici p\u00fablic i gratu\u00eft d\u2019assessorament personalitzat, tallers i activitats per a resoldre qualsevol dubte que tingues relacionat amb l\u2019Energia.<\/p>\n<p><strong><a href=\"https:\/\/climaienergia.com\/oficina\/energia-renovables\/\" target=\"_blank\" rel=\"noopener\">Mapa solar del distrit de poblats Mar\u00edtims<\/a><\/strong><\/p>\n<p>En este mapa pots consultar el potencial de qualsevol coberta del districte per a produir energia amb panells fotovoltaics.<br \/>\nCerca la teua, connecta&#8217;t al sol i estalvia en les teues factures!<\/p>\n<p>&nbsp;<\/p>\n<p><a href=\"https:\/\/plancabanyal.es\/wp-content\/uploads\/2024\/05\/Folleto_Actividades_3_OE-bis.pdf\" target=\"_blank\" rel=\"noopener\">Fullet Activitats<\/a><\/p>\n<p><a href=\"https:\/\/plancabanyal.es\/wp-content\/uploads\/2024\/05\/OE_Menu-Tallers_val-1.pdf\" target=\"_blank\" rel=\"noopener\">Men\u00fa Tallers<\/a>[\/vc_column_text][vc_separator][vc_column_text]<\/p>\n<h2 style=\"text-align: center;\">Els barris es conecten al sol<\/h2>\n<p>&nbsp;<\/p>\n<h3><img loading=\"lazy\" class=\"aligncenter size-large wp-image-10110\" src=\"https:\/\/plancabanyal.es\/wp-content\/uploads\/2024\/09\/0920-Barris-es-connecten-al-sol--1024x576.jpg\" sizes=\"(max-width: 750px) 100vw, 750px\" srcset=\"https:\/\/plancabanyal.es\/wp-content\/uploads\/2024\/09\/0920-Barris-es-connecten-al-sol--1024x576.jpg 1024w, https:\/\/plancabanyal.es\/wp-content\/uploads\/2024\/09\/0920-Barris-es-connecten-al-sol--300x169.jpg 300w, https:\/\/plancabanyal.es\/wp-content\/uploads\/2024\/09\/0920-Barris-es-connecten-al-sol--768x432.jpg 768w, https:\/\/plancabanyal.es\/wp-content\/uploads\/2024\/09\/0920-Barris-es-connecten-al-sol-.jpg 1196w\" alt=\"\" width=\"750\" height=\"422\" \/><\/h3>\n<p>&nbsp;<\/p>\n<p>22\/09\/2024<\/p>\n<p>L&#8217;Ajuntament de Val\u00e8ncia, a trav\u00e9s de la Fundaci\u00f3 Val\u00e8ncia Clima i Energia vol ampliar la constituci\u00f3 de comunitats energ\u00e8tiques locals. En el marc del programa \u201cEls barris es connecten al sol\u201d, que ja funciona en set punts, la setmana vinent se celebrar\u00e0 una trobada informativa per a impulsar les comunitats energ\u00e8tiques locals en els barris del Cabanyal-Canyamelar i la Malva-rosa.<\/p>\n<p>Tal com ha explicat el regidor de Millora Clim\u00e0tica i Efici\u00e8ncia Energ\u00e8tica, Carlos Mundina, \u201cl&#8217;objectiu d&#8217;una comunitat energ\u00e8tica \u00e9s oferir beneficis energ\u00e8tics als seus membres, per\u00f2 tamb\u00e9 genera beneficis mediambientals, econ\u00f2mics i socials per al barri en el qual funciona i per a tota la ciutat\u201d. \u201cPer aix\u00f2 \u2013ha afegit- des de l&#8217;Ajuntament, a trav\u00e9s de la Fundaci\u00f3 Val\u00e8ncia Clima i Energia, i amb fons europeus, volem impulsar este model de generaci\u00f3 i consum d&#8217;energia sostenible que ja funciona amb \u00e8xit en molts llocs d&#8217;Europa\u201d.<\/p>\n<p>En estos moments, ja hi ha constitu\u00efdes set comunitats energ\u00e8tiques a Val\u00e8ncia, que es troben en diferents fases de desenrotllament. S\u00f3n les comunitats de Algir\u00f3s, Malilla, Russafa, Ciutat Vella, Malva-rosa, Sa\u00efdia i Castellar-l\u2019Oliveral. A m\u00e9s, estan en projecte les de Benimaclet i l\u2019Olivereta. Totes elles compten amb finan\u00e7ament de la Uni\u00f3 Europea, en el marc del programa OTCs (Projecte Europeu d&#8217;Oficines de Transformaci\u00f3 Comunit\u00e0ria) \u201camb l&#8217;objectiu de replicar en tots els barris de Val\u00e8ncia la f\u00f3rmula d&#8217;\u00e8xit de la *CEL de Castellar-l\u2019*Oliveral que funciona des de 2022\u201d, ha recordat Mundina.<\/p>\n<p>En este context, el pr\u00f2xim 26 de setembre, personal de la Fundaci\u00f3 Val\u00e8ncia i Energia es reunir\u00e0 amb ve\u00efns i comerciants del Cabanyal, Canyamelar i Malva-rosa de cara a la creaci\u00f3 de comunitats energ\u00e8tiques en el Districte Mar\u00edtim. Esta trobada amb ve\u00efns del Mar\u00edtim tindr\u00e0 r\u00e8pliques amb diferents associacions de ve\u00efns d&#8217;altres punts de la ciutat, que estaran coordinades des de Val\u00e8ncia Clima i Energia.<\/p>\n<p>&nbsp;<\/p>\n<p>\u201cEls barris es connecten al sol\u201d \u00e9s una iniciativa de la Fundaci\u00f3 Val\u00e8ncia Clima i Energia per a animar als ve\u00efns i ve\u00efnes de Val\u00e8ncia a constituir-se com a associaci\u00f3 o cooperativa per a finan\u00e7ar la instal\u00b7laci\u00f3 d&#8217;una planta fotovoltaica en el seu barri i gestionar col\u00b7lectivament els recursos energ\u00e8tics que genere, i en la qual poden participar tant persones f\u00edsiques, com a pimes o institucions p\u00fabliques o privades situades en el barri.<\/p>\n<p>La comunitat de Castellar-l\u2019Oliveral va ser la primera constitu\u00efda a la ciutat. Va ser l&#8217;any 2022, i segons les seues pr\u00f2pies dades ja ha generat m\u00e9s de 137.00 kwh, i ha estalviat l&#8217;emissi\u00f3 de m\u00e9s de 60.000 quilos de CO\u2082 a l&#8217;atmosfera, l&#8217;equivalent a plantar m\u00e9s de 3.000 arbres.<\/p>\n<p>L&#8217;Oficina de Transformaci\u00f3 Comunit\u00e0ria (OTC), dependent de la Fundaci\u00f3 Val\u00e8ncia Clima i Energia, oferix de manera gratu\u00efta servicis de formaci\u00f3, assessorament i suport t\u00e8cnic, per a crear una comunitat o participar en una Comunitat Energ\u00e8tica Local ja creada. Les OTCs ajuden a posar en contacte les persones del mateix barri interessades en el desenrotllament d&#8217;un projecte, estudien la millor f\u00f3rmula legal per a constituir-se, els acompanyen en el proc\u00e9s de registre i els ajuden a buscar opcions de cobertes en el barri, on siga viable dur a terme la instal\u00b7laci\u00f3 solar fotovoltaica.<\/p>\n<p>El regidor Carlos Mundina ha explicat que \u201ccada comunitat energ\u00e8tica pot realitzar, a m\u00e9s de la instal\u00b7laci\u00f3 d&#8217;una planta solar fotovoltaica de producci\u00f3 d&#8217;energia el\u00e8ctrica per al consum de les persones s\u00f2cies, moltes altres activitats relacionades amb l&#8217;efici\u00e8ncia energ\u00e8tica, activitats formatives sobre energia, mobilitat el\u00e8ctrica\u2026\u201d. \u201cVolem una Val\u00e8ncia m\u00e9s verda i la transici\u00f3 energ\u00e8tica \u00e9s una de les grans apostes municipals per a aconseguir-ho\u201d, ha concl\u00f2s l&#8217;edil.<\/p>\n<p>[\/vc_column_text][vc_separator][vc_column_text]<\/p>\n<h2 style=\"text-align: center;\">Monetitzaci\u00f3 dels estalvis energ\u00e8tics<\/h2>\n<p>&nbsp;<\/p>\n<p><span data-teams=\"true\"><img loading=\"lazy\" class=\"size-large wp-image-10470 aligncenter\" src=\"https:\/\/plancabanyal.es\/wp-content\/uploads\/2024\/12\/Sistema-CAE-2-1024x517.jpg\" alt=\"\" width=\"750\" height=\"379\" srcset=\"https:\/\/plancabanyal.es\/wp-content\/uploads\/2024\/12\/Sistema-CAE-2-1024x517.jpg 1024w, https:\/\/plancabanyal.es\/wp-content\/uploads\/2024\/12\/Sistema-CAE-2-300x151.jpg 300w, https:\/\/plancabanyal.es\/wp-content\/uploads\/2024\/12\/Sistema-CAE-2-768x388.jpg 768w, https:\/\/plancabanyal.es\/wp-content\/uploads\/2024\/12\/Sistema-CAE-2-1536x775.jpg 1536w, https:\/\/plancabanyal.es\/wp-content\/uploads\/2024\/12\/Sistema-CAE-2-1568x791.jpg 1568w, https:\/\/plancabanyal.es\/wp-content\/uploads\/2024\/12\/Sistema-CAE-2.jpg 1597w\" sizes=\"(max-width: 750px) 100vw, 750px\" \/><\/span><\/p>\n<p>&nbsp;<\/p>\n<p>Este instrument permet <strong>monetitzar els estalvis energ\u00e8tics<\/strong>, recuperant part del cost de les inversions en efici\u00e8ncia energ\u00e8tica (canvi d&#8217;il\u00b7luminaci\u00f3, millora de l&#8217;a\u00efllament t\u00e8rmic, renovaci\u00f3 d&#8217;equips industrials o dom\u00e8stics, etc.), ja que<strong> l&#8217;usuari final podr\u00e0 rebre una contraprestaci<\/strong>\u00f3 si ven els estalvis obtinguts per a la seua posterior certificaci\u00f3 mitjan\u00e7ant el Sistema de CAE.<\/p>\n<p><span data-teams=\"true\"><a id=\"menur4d9\" class=\"fui-Link ___1q1shib f2hkw1w f3rmtva f1ewtqcl fyind8e f1k6fduh f1w7gpdv fk6fouc fjoy568 figsok6 f1s184ao f1mk8lai fnbmjn9 f1o700av f13mvf36 f1cmlufx f9n3di6 f1ids18y f1tx3yz7 f1deo86v f1eh06m1 f1iescvh fhgqx19 f1olyrje f1p93eir f1nev41a f1h8hb77 f1lqvz6u f10aw75t fsle3fq f17ae5zn\" title=\"https:\/\/www.miteco.gob.es\/content\/dam\/miteco\/es\/energia\/files-1\/eficiencia\/cae\/documents\/20230807_presentacion-sistema-cae-web.pdf\" href=\"https:\/\/www.miteco.gob.es\/content\/dam\/miteco\/es\/energia\/files-1\/Eficiencia\/CAE\/Documents\/20230807_Presentacion-Sistema-CAE-web.pdf\" target=\"_blank\" rel=\"noreferrer noopener\" aria-label=\"V\u00ednculo Presentaci\u00f3n Sistema CAE para web\">Presentaci\u00f3 Sistema CAE per a web<\/a> <\/span><a id=\"menur4db\" class=\"fui-Link ___1q1shib f2hkw1w f3rmtva f1ewtqcl fyind8e f1k6fduh f1w7gpdv fk6fouc fjoy568 figsok6 f1s184ao f1mk8lai fnbmjn9 f1o700av f13mvf36 f1cmlufx f9n3di6 f1ids18y f1tx3yz7 f1deo86v f1eh06m1 f1iescvh fhgqx19 f1olyrje f1p93eir f1nev41a f1h8hb77 f1lqvz6u f10aw75t fsle3fq f17ae5zn\" title=\"https:\/\/www.miteco.gob.es\/es\/energia\/eficiencia\/cae.html\" href=\"https:\/\/www.miteco.gob.es\/es\/energia\/eficiencia\/cae.html\" target=\"_blank\" rel=\"noreferrer noopener\" aria-label=\"V\u00ednculo Sistema de Certificados de Ahorro Energ\u00e9tico (CAE)\"><\/a><\/p>\n<p><span data-teams=\"true\"><a id=\"menur4db\" class=\"fui-Link ___1q1shib f2hkw1w f3rmtva f1ewtqcl fyind8e f1k6fduh f1w7gpdv fk6fouc fjoy568 figsok6 f1s184ao f1mk8lai fnbmjn9 f1o700av f13mvf36 f1cmlufx f9n3di6 f1ids18y f1tx3yz7 f1deo86v f1eh06m1 f1iescvh fhgqx19 f1olyrje f1p93eir f1nev41a f1h8hb77 f1lqvz6u f10aw75t fsle3fq f17ae5zn\" title=\"https:\/\/www.miteco.gob.es\/es\/energia\/eficiencia\/cae.html\" href=\"https:\/\/www.miteco.gob.es\/es\/energia\/eficiencia\/cae.html\" target=\"_blank\" rel=\"noreferrer noopener\" aria-label=\"V\u00ednculo Sistema de Certificados de Ahorro Energ\u00e9tico (CAE)\">Sistema de Certificats d&#8217;Estalvi Energ\u00e8tic (CAE)<\/a><\/span><\/p>\n<p>[\/vc_column_text][vc_separator][vc_column_text]<\/p>\n<h2 style=\"text-align: center;\">Guia VERD<\/h2>\n<h2 style=\"text-align: center;\">Val\u00e8ncia Vivendes Eficients i Rehabilitaci\u00f3 Descarbonitzada<\/h2>\n<p>&nbsp;<\/p>\n<p><img class=\"aligncenter\" src=\"https:\/\/www.valencia.es\/documents\/20142\/30641816\/05XX+Guia+Verd.png\/67f4ffb8-fc85-39c4-33f8-5c490983e388?t=1749115901887\" \/><\/p>\n<p>&nbsp;<\/p>\n<p><a href=\"https:\/\/climaienergia.com\/\">Val\u00e8ncia Clima i Energia<\/a>, la fundaci\u00f3 municipal que treballa per a impulsar la transici\u00f3 energ\u00e8tica de la ciutat, ha editat la \u2018Guia VERD: Val\u00e8ncia Vivendes Eficients i Rehabilitaci\u00f3 Descarbonitzada\u2019. Esta publicaci\u00f3, composta per dos volums complementaris, aborda el repte de la rehabilitaci\u00f3 energ\u00e8tica d&#8217;immobles des d&#8217;un enfocament t\u00e8cnic i ciutad\u00e0.<\/p>\n<p>\u201cL&#8217;objectiu d&#8217;esta guia \u00e9s facilitar la transici\u00f3 cap a una edificaci\u00f3 m\u00e9s eficient, sostenible i saludable, i respon al comprom\u00eds de la ciutat de Val\u00e8ncia amb la neutralitat clim\u00e0tica abans de 2030\u201d, tal com ha explicat el regidor de Millora Clim\u00e0tica i Efici\u00e8ncia Energ\u00e8tica, Carlos Mundina.<\/p>\n<p>Esta publicaci\u00f3 gratu\u00efta es dirigix tant a professionals del sector de la construcci\u00f3 i administracions p\u00fabliques com a la ciutadania, comunitats de propietaris i persones interessades a millorar l&#8217;efici\u00e8ncia energ\u00e8tica de les seues llars.<\/p>\n<p>\u201cRehabilitar energ\u00e8ticament els edificis de Val\u00e8ncia no sols contribu\u00efx a reduir les emissions, sin\u00f3 que millora el confort t\u00e8rmic, la salut de les persones, el valor de les vivendes i genera ocupaci\u00f3 local. Esta guia \u00e9s una ferramenta pr\u00e0ctica per a avan\u00e7ar cap a una ciutat m\u00e9s justa, resilient i sostenible\u201d, ha ressaltat el regidor.<\/p>\n<p>El Volum I de la guia oferix una visi\u00f3 t\u00e8cnica especialitzada sobre solucions constructives sostenibles, materials biobasats (que s&#8217;originen de mat\u00e8ries primeres renovables d&#8217;origen biol\u00f2gic), estrat\u00e8gies de descarbonitzaci\u00f3 i criteris ambientals per a la contractaci\u00f3 p\u00fablica. Est\u00e0 pensat per a personal t\u00e8cnic, professionals de l&#8217;arquitectura i enginyeria, i gestors p\u00fablics implicats en processos de rehabilitaci\u00f3 i licitaci\u00f3 d&#8217;obres.<\/p>\n<p>El Volum II, per part seua, est\u00e0 orientat a la ciutadania i inclou un recorregut detallat sobretot el proc\u00e9s de rehabilitaci\u00f3 energ\u00e8tica: des de la identificaci\u00f3 de necessitats en l&#8217;edifici fins a l&#8217;execuci\u00f3 de les obres i el gaudi dels beneficis. Aporta exemples reals, consells pr\u00e0ctics, informaci\u00f3 sobre ajudes disponibles, requisits normatius i claus per a facilitar la presa de decisions en comunitats ve\u00efnals.<\/p>\n<p>Els dos volums estan disponibles en format digital en la p\u00e0gina web de la Fundaci\u00f3 Val\u00e8ncia Clima i Energia i en les Oficines de l&#8217;Energia, punts municipals d&#8217;atenci\u00f3 on s&#8217;oferix assessorament gratu\u00eft i personalitzat sobre efici\u00e8ncia energ\u00e8tica, ajudes a la rehabilitaci\u00f3 i millora del confort en la llar.<\/p>\n<p>La guia ha sigut redactada per la Fundaci\u00f3 Cesefor, amb la col\u00b7laboraci\u00f3 de Dark Matter Labs, Democratic Society i CitiES2030, en el marc del projecte europeu EU CINC 2.0. La iniciativa compta amb el suport del projecte europeu\u00a0<a href=\"https:\/\/climaienergia.com\/projectes-tranformadors\/\">URBANEW<\/a>, que impulsa la descarbonitzaci\u00f3 urbana en diverses ciutats espanyoles, entre elles Val\u00e8ncia.<\/p>\n<p>&nbsp;<\/p>\n<p>Descarregable: <strong><a href=\"https:\/\/climaienergia.com\/projectes-tranformadors\/urbanew\/\">https:\/\/climaienergia.com\/projectes-tranformadors\/urbanew\/<\/a><\/strong>[\/vc_column_text][vc_separator][vc_column_text]<\/p>\n<h2 class=\"entry-title\" style=\"text-align: center;\">AJUDA A LA REHABILITACI\u00d3 ENERG\u00c8TICA EN COMUNITAT<\/h2>\n<p><img loading=\"lazy\" class=\"aligncenter wp-image-12494\" src=\"https:\/\/plancabanyal.es\/wp-content\/uploads\/2025\/07\/DIPTIC-portada_Pagina_1-1.jpg\" alt=\"\" width=\"357\" height=\"500\" srcset=\"https:\/\/plancabanyal.es\/wp-content\/uploads\/2025\/07\/DIPTIC-portada_Pagina_1-1.jpg 590w, https:\/\/plancabanyal.es\/wp-content\/uploads\/2025\/07\/DIPTIC-portada_Pagina_1-1-214x300.jpg 214w\" sizes=\"(max-width: 357px) 100vw, 357px\" \/><\/p>\n<p>&nbsp;<\/p>\n<p>Amb este projecte, la fundaci\u00f3 <a href=\"https:\/\/climaienergia.com\/es\/\">Val\u00e8ncia Clima i Energia<\/a>, a trav\u00e9s de la seua Oficina de l\u2019Energia, oferix un servici d\u2019assessorament i acompanyament especialment per a projectes de rehabilitaci\u00f3 energ\u00e8tica.<\/p>\n<h3>Qu\u00e8 es busca<\/h3>\n<ul>\n<li>Ve\u00efns\/as que vulguen canviar-se les finestres, a\u00efllar les parets o millorar l\u2019efici\u00e8ncia energ\u00e8tica de les seues cases en els pr\u00f2xims 2 anys.<\/li>\n<li>Ve\u00efns\/as que vulguen compartir el proc\u00e9s de reformar la seua casa o edifici amb altres persones en situaci\u00f3 similar.<\/li>\n<li>Propietaris i inquilins amb inquietud en rehabilitacions energ\u00e8tiques comunit\u00e0ries.<\/li>\n<\/ul>\n<h3>Qu\u00e8 oferix el projecte<\/h3>\n<p>Estudi de cada cas particular i proposta de millores, acompanyant als interessats en tot el proc\u00e9s de manera objectiva i gratu\u00efta.<\/p>\n<ul>\n<li>Assessorament T\u00e8cnic personalitzat.<\/li>\n<li>Diagn\u00f2stic energ\u00e8tic de la vivenda, IEE i CEE.<\/li>\n<li>Suport per a l\u2019acc\u00e9s a subvencions i ajuda donen la busca de finan\u00e7ament.<\/li>\n<li>Suport legal i administratiu.<\/li>\n<li>Suport en la contractaci\u00f3 i el seguiment del treball.<\/li>\n<li>Formacions gratu\u00eftes.<\/li>\n<\/ul>\n<p>A m\u00e9s, es fa un treball en conjunt amb persones en la mateixa situaci\u00f3, perqu\u00e8 la reforma siga m\u00e9s econ\u00f2mica, simple i agradable.<\/p>\n<p>&nbsp;<\/p>\n<p><a href=\"https:\/\/plancabanyal.es\/wp-content\/uploads\/2025\/07\/DIPTIC.pdf\">D\u00cdPTIC<\/a>[\/vc_column_text][vc_separator][\/vc_column][\/vc_row]<\/p>\n","protected":false},"excerpt":{"rendered":"<p>[vc_row][vc_column][vc_column_text] Assesorament energ\u00e8tic L\u2019Oficina de l\u2019Energia \u00e9s una finestra \u00fanica de la transici\u00f3 energ\u00e8tica a la ciutat de Val\u00e8ncia, un [&hellip;]<\/p>\n","protected":false},"author":2,"featured_media":0,"parent":991,"menu_order":0,"comment_status":"closed","ping_status":"closed","template":"","meta":{"site-sidebar-layout":"no-sidebar","site-content-layout":"plain-container","ast-site-content-layout":"default","site-content-style":"default","site-sidebar-style":"default","ast-global-header-display":"","ast-banner-title-visibility":"","ast-main-header-display":"","ast-hfb-above-header-display":"","ast-hfb-below-header-display":"","ast-hfb-mobile-header-display":"","site-post-title":"disabled","ast-breadcrumbs-content":"","ast-featured-img":"disabled","footer-sml-layout":"","theme-transparent-header-meta":"default","adv-header-id-meta":"","stick-header-meta":"","header-above-stick-meta":"","header-main-stick-meta":"","header-below-stick-meta":"","astra-migrate-meta-layouts":"set","ast-page-background-enabled":"default","ast-page-background-meta":{"desktop":{"background-color":"var(--ast-global-color-5)","background-image":"","background-repeat":"repeat","background-position":"center center","background-size":"auto","background-attachment":"scroll","background-type":"","background-media":"","overlay-type":"","overlay-color":"","overlay-opacity":"","overlay-gradient":""},"tablet":{"background-color":"","background-image":"","background-repeat":"repeat","background-position":"center center","background-size":"auto","background-attachment":"scroll","background-type":"","background-media":"","overlay-type":"","overlay-color":"","overlay-opacity":"","overlay-gradient":""},"mobile":{"background-color":"","background-image":"","background-repeat":"repeat","background-position":"center center","background-size":"auto","background-attachment":"scroll","background-type":"","background-media":"","overlay-type":"","overlay-color":"","overlay-opacity":"","overlay-gradient":""}},"ast-content-background-meta":{"desktop":{"background-color":"var(--ast-global-color-4)","background-image":"","background-repeat":"repeat","background-position":"center center","background-size":"auto","background-attachment":"scroll","background-type":"","background-media":"","overlay-type":"","overlay-color":"","overlay-opacity":"","overlay-gradient":""},"tablet":{"background-color":"var(--ast-global-color-4)","background-image":"","background-repeat":"repeat","background-position":"center center","background-size":"auto","background-attachment":"scroll","background-type":"","background-media":"","overlay-type":"","overlay-color":"","overlay-opacity":"","overlay-gradient":""},"mobile":{"background-color":"var(--ast-global-color-4)","background-image":"","background-repeat":"repeat","background-position":"center center","background-size":"auto","background-attachment":"scroll","background-type":"","background-media":"","overlay-type":"","overlay-color":"","overlay-opacity":"","overlay-gradient":""}}},"acf":[],"_links":{"self":[{"href":"https:\/\/plancabanyal.es\/va\/wp-json\/wp\/v2\/pages\/9261"}],"collection":[{"href":"https:\/\/plancabanyal.es\/va\/wp-json\/wp\/v2\/pages"}],"about":[{"href":"https:\/\/plancabanyal.es\/va\/wp-json\/wp\/v2\/types\/page"}],"author":[{"embeddable":true,"href":"https:\/\/plancabanyal.es\/va\/wp-json\/wp\/v2\/users\/2"}],"replies":[{"embeddable":true,"href":"https:\/\/plancabanyal.es\/va\/wp-json\/wp\/v2\/comments?post=9261"}],"version-history":[{"count":11,"href":"https:\/\/plancabanyal.es\/va\/wp-json\/wp\/v2\/pages\/9261\/revisions"}],"predecessor-version":[{"id":12510,"href":"https:\/\/plancabanyal.es\/va\/wp-json\/wp\/v2\/pages\/9261\/revisions\/12510"}],"up":[{"embeddable":true,"href":"https:\/\/plancabanyal.es\/va\/wp-json\/wp\/v2\/pages\/991"}],"wp:attachment":[{"href":"https:\/\/plancabanyal.es\/va\/wp-json\/wp\/v2\/media?parent=9261"}],"curies":[{"name":"wp","href":"https:\/\/api.w.org\/{rel}","templated":true}]}}