{"id":5944,"date":"2021-12-13T12:05:33","date_gmt":"2021-12-13T11:05:33","guid":{"rendered":"https:\/\/plancabanyal.es\/?page_id=5944"},"modified":"2025-06-19T13:36:10","modified_gmt":"2025-06-19T11:36:10","slug":"5944-2","status":"publish","type":"page","link":"https:\/\/plancabanyal.es\/va\/5944-2\/","title":{"rendered":"Pol\u00edtica de privacitat"},"content":{"rendered":"<h2><\/h2>\n<h2 style=\"text-align: center;\">Pol\u00edtica de Privacitat<\/h2>\n<p>En la societat Plan Cabanyal-Canyamelar S.A (en endavant, PCCSA) estem compromesos amb la protecci\u00f3 de la privacitat i l\u2019\u00fas correcte de les dades personals. Per aix\u00f2, esta pol\u00edtica de privacitat t\u00e9 per objecte informar sobre el tractament de dades de car\u00e0cter personal que PCCSA efectua en este lloc web.<\/p>\n<p>La persona titular ser\u00e0 informada amb car\u00e0cter previ a la recollida de les seues dades dels aspectes generals regulats en esta pol\u00edtica a fi que puga prestar el consentiment expr\u00e9s, prec\u00eds i inequ\u00edvoc per al tractament de les dades, pel que fa als aspectes seg\u00fcents:<\/p>\n<p><a href=\"#tema1\"><strong>1.- Qui \u00e9s el responsable del tractament de les teues dades personals?<\/strong><\/a><\/p>\n<p><a href=\"#tema2\"><strong>2.- Per a qu\u00e8 tractem les teues dades personals?<\/strong><\/a><\/p>\n<p><a href=\"#tema3\"><strong>3.- Quina \u00e9s la base jur\u00eddica que legitima el tractament de les teues dades personals?<\/strong><\/a><\/p>\n<p><a href=\"#tema4\"><strong>4.- Quant de temps conservem les teues dades personals?<\/strong><\/a><\/p>\n<p><strong><u>5.- Qui pot ser persona cession\u00e0ria o destinat\u00e0ria de les teues dades personals<\/u><\/strong><\/p>\n<p><strong><u>6.- Quins s\u00f3n els teus drets en protecci\u00f3 de dades i com pots exercir-los?<\/u><\/strong><\/p>\n<p><strong>\u00a0<\/strong><strong>\u00a0<\/strong><\/p>\n<p><strong>1.- Qui \u00e9s el responsable del tractament de les teues dades personals? <\/strong><\/p>\n<p>El responsable de les teues dades \u00e9s la societat Plan Cabanyal-Canyamelar S.A.<br \/>\n<u>Adre\u00e7a postal:<\/u> C\/Empar Guillem 4, CP 46011, Val\u00e8ncia<br \/>\n<u>Tel\u00e8fon:<\/u>\u00a0963 56 75 79<\/p>\n<p><strong>\u00a0<\/strong><\/p>\n<p><strong>2.- Per a qu\u00e8 tractem les teues dades personals? <\/strong><\/p>\n<p><strong>\u00a0<\/strong>Les dades que se\u2019ns faciliten, aix\u00ed com qualssevol altres generades durant el desenvolupament de la relaci\u00f3 amb les persones usu\u00e0ries, les podem tractar per a diferents finalitats en funci\u00f3 dels servicis municipals que siguen objecte de prestaci\u00f3 i, en tot cas, per a mantindre el contacte i la comunicaci\u00f3 amb estes.<\/p>\n<p>Si \u00e9s el cas, finalitats m\u00e9s expl\u00edcites i concretes poden indicar-se en les cl\u00e0usules informatives incorporades en cada una de les vies de presa de dades (formularis web, formularis en paper, locucions o cartells i notes informatives) per a sup\u00f2sits concrets.<\/p>\n<p><strong>3.- Quina \u00e9s la base jur\u00eddica que legitima el tractament de les teues dades personals? <\/strong><\/p>\n<p><strong>\u00a0<\/strong>La base jur\u00eddica que ens legitima per al tractament de les teues dades pot ser diversa: en uns casos pot ser el consentiment de les persones interessades; en altres, el compliment d\u2019una obligaci\u00f3 legal per la nostra part; en altres, el compliment PCCSA d\u2019una missi\u00f3 realitzada en inter\u00e9s p\u00fablic; en altres, la protecci\u00f3 d\u2019interessos vitals, i en altres, l\u2019execuci\u00f3 d\u2019un contracte.<\/p>\n<p>L\u2019aportaci\u00f3 de les dades sol\u00b7licitades \u00e9s obligat\u00f2ria perqu\u00e8 s\u00f3n imprescindibles per a atendre la teua petici\u00f3 i\/o prestar els nostres servicis; si no les facilites, no podrem dur-la a terme o prestar-los.<\/p>\n<p>Quan el tractament es base en el teu consentiment, s\u2019entendr\u00e0 atorgat de forma inequ\u00edvoca, i es considera esta aportaci\u00f3 un acte afirmatiu clar per la teua banda, que manifestes este consentiment.<\/p>\n<p><strong>\u00a0<\/strong><\/p>\n<p><strong>4.- Quant de temps conservem les teues dades personals? <\/strong><\/p>\n<p>En general, les dades personals que se\u2019ns faciliten les conservarem per a mantindre un historial d\u2019atenci\u00f3 i gestionar els nostres servicis de manera eficient, mentre la persona usu\u00e0ria no en sol\u00b7licite la supressi\u00f3. Fins i tot sol\u00b7licitada la supressi\u00f3, es mantindran bloquejades durant el temps necessari, i limitant el seu tractament, \u00fanicament per a algun d\u2019estos sup\u00f2sits: complir les obligacions legals\/contractuals de qualsevol tipus a qu\u00e8 estiguem sotmesos i\/o durant els terminis legals previstos per a la prescripci\u00f3 de qualssevol responsabilitats per la nostra part i\/o l\u2019exercici o la defensa de reclamacions derivades de la relaci\u00f3 mantinguda amb la persona usu\u00e0ria.<\/p>\n<p>En altres casos, el termini de conservaci\u00f3 de les dades dependr\u00e0 del que s\u2019especifique per a cada tractament de dades personals.<\/p>\n<p><strong>5.- Qui pot ser persona cession\u00e0ria o destinat\u00e0ria de les teues dades personals? <\/strong><\/p>\n<p><strong>\u00a0<\/strong>Les dades que ens proporciones poden ser comunicades a terceres entitats per al compliment de finalitats directament relacionades amb funcions leg\u00edtimes de persona cedent i persona cession\u00e0ria, com ara les entitats o organismes als quals hi haja obligaci\u00f3 legal de realitzar comunicacions de dades, entitats o organitzacions p\u00fabliques o privades amb les quals arribem a acords per a desenvolupar projectes socials, culturals o esportius o acords de col\u00b7laboraci\u00f3, etc.<\/p>\n<p><strong>\u00a0<\/strong><\/p>\n<p><strong>6.- Quins s\u00f3n els teus drets en protecci\u00f3 de dades i com pots exercir-los? <\/strong><\/p>\n<ul>\n<li><strong>Dret d\u2019acc\u00e9s:<\/strong> pots preguntar-nos quines dades personals estem tractant.<\/li>\n<li><strong>Dret de rectificaci\u00f3:<\/strong> pots sol\u00b7licitar-nos la rectificaci\u00f3 de dades personals inexactes o que completem les que siguen incompletes, fins i tot per mitj\u00e0 d\u2019una declaraci\u00f3 addicional.<\/li>\n<li><strong>Dret de supressi\u00f3 (dret a l\u2019oblit):<\/strong> pots sol\u00b7licitar-nos la supressi\u00f3 de les teues dades personals quan no siguen necess\u00e0ries per a les finalitats per a les quals es van recollir; quan retires el teu consentiment; quan hi haja hagut un tractament il\u00b7l\u00edcit de les dades, o per compliment d\u2019una obligaci\u00f3 legal.<\/li>\n<li><strong>Dret a la limitaci\u00f3 del tractament:<\/strong> en determinades circumst\u00e0ncies, pots sol\u00b7licitar-nos la limitaci\u00f3 del tractament de les teues dades; en este cas, \u00fanicament les conservarem per a l\u2019exercici o la defensa de reclamacions.<\/li>\n<li><strong>Dret d\u2019oposici\u00f3:<\/strong> en determinades circumst\u00e0ncies i per motius relacionats amb la teua situaci\u00f3 particular, pots oposar-te al tractament de les teues dades. En eixos sup\u00f2sits, PCCSA deixar\u00e0 de tractar-les, excepte per motius leg\u00edtims imperiosos o l\u2019exercici o la defensa de possibles reclamacions.<\/li>\n<\/ul>\n<p><strong>\u00a0<\/strong><\/p>\n<p><strong>Exercir els teus drets<\/strong><\/p>\n<p>Per a exercir els teus drets en protecci\u00f3 de dades pots formular una sol\u00b7licitud en la direcci\u00f3 de correu electr\u00f2nic <a href=\"mailto:info@plancabanyal.es\">info@plancabanyal.es<\/a> o en C\/Empar Guillem 4, CP 46011, Val\u00e8ncia.<\/p>\n<p>Igualment, pots formular reclamacions davant de l\u2019Ag\u00e8ncia Espanyola de Protecci\u00f3 de Dades (<a href=\"https:\/\/www.aepd.es\/\">https:\/\/www.aepd.es\/<\/a>).<\/p>\n","protected":false},"excerpt":{"rendered":"<p>Pol\u00edtica de Privacitat En la societat Plan Cabanyal-Canyamelar S.A (en endavant, PCCSA) estem compromesos amb la protecci\u00f3 de la privacitat [&hellip;]<\/p>\n","protected":false},"author":2,"featured_media":0,"parent":0,"menu_order":0,"comment_status":"closed","ping_status":"closed","template":"","meta":{"site-sidebar-layout":"default","site-content-layout":"","ast-site-content-layout":"","site-content-style":"default","site-sidebar-style":"default","ast-global-header-display":"","ast-banner-title-visibility":"","ast-main-header-display":"","ast-hfb-above-header-display":"","ast-hfb-below-header-display":"","ast-hfb-mobile-header-display":"","site-post-title":"disabled","ast-breadcrumbs-content":"","ast-featured-img":"","footer-sml-layout":"","theme-transparent-header-meta":"","adv-header-id-meta":"","stick-header-meta":"","header-above-stick-meta":"","header-main-stick-meta":"","header-below-stick-meta":"","astra-migrate-meta-layouts":"default","ast-page-background-enabled":"default","ast-page-background-meta":{"desktop":{"background-color":"var(--ast-global-color-5)","background-image":"","background-repeat":"repeat","background-position":"center center","background-size":"auto","background-attachment":"scroll","background-type":"","background-media":"","overlay-type":"","overlay-color":"","overlay-opacity":"","overlay-gradient":""},"tablet":{"background-color":"","background-image":"","background-repeat":"repeat","background-position":"center center","background-size":"auto","background-attachment":"scroll","background-type":"","background-media":"","overlay-type":"","overlay-color":"","overlay-opacity":"","overlay-gradient":""},"mobile":{"background-color":"","background-image":"","background-repeat":"repeat","background-position":"center center","background-size":"auto","background-attachment":"scroll","background-type":"","background-media":"","overlay-type":"","overlay-color":"","overlay-opacity":"","overlay-gradient":""}},"ast-content-background-meta":{"desktop":{"background-color":"var(--ast-global-color-4)","background-image":"","background-repeat":"repeat","background-position":"center center","background-size":"auto","background-attachment":"scroll","background-type":"","background-media":"","overlay-type":"","overlay-color":"","overlay-opacity":"","overlay-gradient":""},"tablet":{"background-color":"var(--ast-global-color-4)","background-image":"","background-repeat":"repeat","background-position":"center center","background-size":"auto","background-attachment":"scroll","background-type":"","background-media":"","overlay-type":"","overlay-color":"","overlay-opacity":"","overlay-gradient":""},"mobile":{"background-color":"var(--ast-global-color-4)","background-image":"","background-repeat":"repeat","background-position":"center center","background-size":"auto","background-attachment":"scroll","background-type":"","background-media":"","overlay-type":"","overlay-color":"","overlay-opacity":"","overlay-gradient":""}}},"acf":[],"_links":{"self":[{"href":"https:\/\/plancabanyal.es\/va\/wp-json\/wp\/v2\/pages\/5944"}],"collection":[{"href":"https:\/\/plancabanyal.es\/va\/wp-json\/wp\/v2\/pages"}],"about":[{"href":"https:\/\/plancabanyal.es\/va\/wp-json\/wp\/v2\/types\/page"}],"author":[{"embeddable":true,"href":"https:\/\/plancabanyal.es\/va\/wp-json\/wp\/v2\/users\/2"}],"replies":[{"embeddable":true,"href":"https:\/\/plancabanyal.es\/va\/wp-json\/wp\/v2\/comments?post=5944"}],"version-history":[{"count":9,"href":"https:\/\/plancabanyal.es\/va\/wp-json\/wp\/v2\/pages\/5944\/revisions"}],"predecessor-version":[{"id":12211,"href":"https:\/\/plancabanyal.es\/va\/wp-json\/wp\/v2\/pages\/5944\/revisions\/12211"}],"wp:attachment":[{"href":"https:\/\/plancabanyal.es\/va\/wp-json\/wp\/v2\/media?parent=5944"}],"curies":[{"name":"wp","href":"https:\/\/api.w.org\/{rel}","templated":true}]}}