{"id":10999,"date":"2025-06-18T13:51:44","date_gmt":"2025-06-18T11:51:44","guid":{"rendered":"https:\/\/plancabanyal.es\/?page_id=10999"},"modified":"2025-06-18T14:45:08","modified_gmt":"2025-06-18T12:45:08","slug":"informacio-perfil-contratant","status":"publish","type":"page","link":"https:\/\/plancabanyal.es\/va\/perfil-del-contractant\/informacio-perfil-contratant\/","title":{"rendered":"Informaci\u00f3 Perfil Contractant"},"content":{"rendered":"<p>[vc_row][vc_column][vc_column_text]<\/p>\n<div style=\"font-family: 'Poppins', sans-serif; max-width: 900px; margin: 40px auto; padding: 40px 30px; background: #fff; border-radius: 12px; box-shadow: 0 10px 25px rgba(0,0,0,0.07); color: #333;\">\n<h2 style=\"text-align: center;\">Perfil del Contractant<\/h2>\n<h1 style=\"text-align: center;\"><\/h1>\n<p style=\"font-size: 1.1rem; line-height: 1.7; margin-bottom: 30px; color: #444;\">Plan Cabanyal-Canyamelar, S.A. \u00e9s una societat mercantil que forma part del sector p\u00fablic de la Generalitat Valenciana. A l&#8217;efecte del que s&#8217;establix en la Llei 9\/2017, de 8 de novembre, de Contractes del Sector P\u00fablic (LCSP), t\u00e9 la consideraci\u00f3 de poder adjudicador que no reunix la condici\u00f3 d&#8217;Administraci\u00f3 P\u00fablica i, en conseq\u00fc\u00e8ncia, els contractes que subscriu tenen el car\u00e0cter de privats, regint-se per les normes del T\u00edtol I del Llibre Tercer de l&#8217;esmentada llei.<\/p>\n<p style=\"font-size: 1.1rem; line-height: 1.7; margin-bottom: 30px; color: #444;\">En compliment del que es disposa en l&#8217;article 63 LCSP, en l&#8217;article 8.1.a) de la Llei 19\/2013, de 9 de desembre, de Transpar\u00e8ncia, Acc\u00e9s a la Informaci\u00f3 P\u00fablica i Bon Govern i en l&#8217;article 20 de la Llei 1\/2022, de 13 d&#8217;abril, de Transpar\u00e8ncia i Bon Govern de la Comunitat Valenciana, a trav\u00e9s d&#8217;estos enlla\u00e7os es pot consultar la informaci\u00f3 i documents relatius a l&#8217;activitat contractual dels \u00f2rgans de contractaci\u00f3 de la societat:<\/p>\n<p>&nbsp;<\/p>\n<ul style=\"list-style: none; padding-left: 0; max-width: 720px; margin: 0 auto 40px auto; border-radius: 10px; background-color: #f4f9fb; box-shadow: inset 0 0 8px rgba(0,0,0,0.04);\">\n<li style=\"border-bottom: 1px solid #d6e4eb; padding: 15px 25px; font-size: 1rem; color: #336b87;\"><a style=\"color: #336b87; text-decoration: underline;\" href=\"https:\/\/contrataciondelestado.es\/wps\/portal\/!ut\/p\/b1\/jc5NDoIwEAXgs3AAM9NSWlkWhVJjFFGr7cZ0YQyGn43x_KJxS3V2k3wv74EDO2Mpo4QkcwFncL1_Njf_aIbet-_f8Ys0-U7qNEZVVznSrBacFdsYkY7AjiCJF8ysTMX3WiHqsliujyRBRfl_eZw4ib_yJ3Bhgl8QmvgBgQ2bcuiuYEcmJosUwgFsBp1ri1TfmZdR9ALbAlao\/dl4\/d5\/L2dBISEvZ0FBIS9nQSEh\/pw\/Z7_AVEQAI930GRPE02BR764FO30G0\/act\/id=0\/p=javax.servlet.include.path_info=QCPjspQCPlistPerfilesQCPAdminAFPListPerfPortletAppView.jsp\/610893420345\/-\/\" target=\"_blank\" rel=\"noopener\">Plataforma de Contractaci\u00f3 del Sector P\u00fablic. \u00d3rgan de contractaci\u00f3: Consell d&#8217;Administraci\u00f3.<br \/>\n<\/a><\/li>\n<li style=\"padding: 15px 25px; font-size: 1rem; color: #336b87;\"><a style=\"color: #336b87; text-decoration: underline;\" href=\"https:\/\/contrataciondelestado.es\/wps\/portal\/!ut\/p\/b1\/jc5NDoIwEAXgs3AAM9NSWlkWhVJjFFGr7cZ0YQyGn43x_KJxS3V2k3wv74EDO2Mpo4QkcwFncL1_Njf_aIbet-_f8Ys0-U7qNEZVVznSrBacFdsYkY7AjiCJF8ysTMX3WiHqsliujyRBRfl_eZw4ib_yJ3Bhgl8QmvgBgQ2bcuiuYEcmJosUwgFsBp1ri1TfmZdR9ALbAlao\/dl4\/d5\/L2dBISEvZ0FBIS9nQSEh\/pw\/Z7_AVEQAI930GRPE02BR764FO30G0\/act\/id=0\/p=javax.servlet.include.path_info=QCPjspQCPlistPerfilesQCPAdminAFPListPerfPortletAppView.jsp\/610893382790\/-\/\" target=\"_blank\" rel=\"noopener\">Plataforma de Contrataci\u00f3 del Sector P\u00fablic. \u00d3rgan de contractaci\u00f3: Ger\u00e8ncia.<br \/>\n<\/a><\/li>\n<\/ul>\n<h2 style=\"color: #004d66; font-weight: bold; font-size: 1.7rem; margin-bottom: 25px; letter-spacing: 0.03em; border-bottom: 2px solid #004d66; padding-bottom: 8px;\">Informaci\u00f3 Addicional<\/h2>\n<section style=\"margin-bottom: 40px;\">\n<h3 style=\"color: #005b82; font-weight: 600; font-size: 1.3rem; margin-bottom: 12px;\">Registre Manteniment de Tercers (01\/03\/2021)<\/h3>\n<p>Per a percebre pagaments de Plan Cabanyal-Canyamelar, S. A. els prove\u00efdors i clients hauran d&#8217;estar donats d&#8217;alta en el registre de tercers.<\/p>\n<p>Amb car\u00e0cter general, els pagaments a prove\u00efdors i clients es faran efectius per transfer\u00e8ncia banc\u00e0ria, al compte que pel prove\u00efdor\/client es designe, la qual haur\u00e0 d&#8217;estar oberta a nom de la persona o entitat, al favor de la qual s&#8217;haja expedit l&#8217;orde de pagament.<\/p>\n<p>Per a l&#8217;addici\u00f3 o canvi de compte haur\u00e0 de presentar-se novament la sol\u00b7licitud d&#8217;alta de tercers.<\/p>\n<p><a style=\"color: #0077a3; font-weight: 600; text-decoration: none;\" href=\"#\">Formulari<\/a><\/p>\n<\/section>\n<section style=\"margin-bottom: 40px;\">\n<h3 style=\"color: #005b82; font-weight: 600; font-size: 1.3rem; margin-bottom: 12px;\">Alta PROPER<\/h3>\n<p style=\"font-size: 1rem; line-height: 1.65; color: #444; margin-bottom: 12px;\">Plan Cabanyal-Canyamelar, S.A. \u00e9s una entitat que pertany al Sector P\u00fablic Instrumental de la Generalitat.<\/p>\n<p style=\"font-size: 1rem; line-height: 1.65; color: #444; margin-bottom: 12px;\">En relaci\u00f3 amb la seguretat \u00e9s de destacar en l&#8217;\u00e0mbit de l&#8217;Administraci\u00f3 de la Generalitat i els organismes aut\u00f2noms la comptabilitat dels quals estiga integrada en el sistema d&#8217;informaci\u00f3 comptable de la primera, la publicaci\u00f3 de l&#8217;Orde 2\/2022 de la Conselleria d&#8217;Hisenda i Model Econ\u00f2mic.<\/p>\n<p>Quant a la utilitzaci\u00f3 d&#8217;actuacions o tr\u00e0mits automatitzats, mitjan\u00e7ant Resoluci\u00f3 de 16 de juny de 2022.<\/p>\n<p>Esta actuaci\u00f3 o tr\u00e0mit (PROPER) \u00e9s accessible a trav\u00e9s de la seu electr\u00f2nica de la Generalitat.<\/p>\n<p><a style=\"color: #0077a3; font-weight: 600; text-decoration: none;\" href=\"https:\/\/sede.gva.es\" target=\"_blank\" rel=\"noopener\">PROPER \u2013 (Procedimient per a tramitar les altes, modificacions i baixes de les domiciliacions banc\u00e0ries). Tr\u00e0mit automatitzat. \u2013 GVA.ES \u2013 Generalitat Valenciana<br \/>\n<\/a><\/p>\n<\/section>\n<section>\n<h3 style=\"color: #005b82; font-weight: 600; font-size: 1.3rem; margin-bottom: 12px;\">Inscripci\u00f3 en el Registre de Licitadors<\/h3>\n<p>Abans del 9 de setembre de 2018 els licitadors que es presenten a processos de contractaci\u00f3 convocats per esta societat p\u00fablica realitzats a trav\u00e9s del procediment obert simplificat hauran d&#8217;estar inscrits en el Registre Oficial de Licitadors i Empreses Classificades de l&#8217;Estat (ROLECE) o b\u00e9 de la CCAA.<\/p>\n<p>Estar inscrit en ROLECE \u00e9s obligatori, a partir del 9 de setembre, per a tota empresa \u00a0que vulga participar en una licitaci\u00f3 de l&#8217;administraci\u00f3. Obligatorietat arreplegada en la Llei 9\/2017, de 8 de novembre, de Contractes del Sector P\u00fablic (DT 3a).<\/p>\n<\/section>\n<\/div>\n<p>[\/vc_column_text][\/vc_column][\/vc_row]<\/p>\n","protected":false},"excerpt":{"rendered":"<p>[vc_row][vc_column][vc_column_text] Perfil del Contractant Plan Cabanyal-Canyamelar, S.A. \u00e9s una societat mercantil que forma part del sector p\u00fablic de la Generalitat [&hellip;]<\/p>\n","protected":false},"author":2,"featured_media":0,"parent":994,"menu_order":0,"comment_status":"closed","ping_status":"closed","template":"","meta":{"site-sidebar-layout":"no-sidebar","site-content-layout":"plain-container","ast-site-content-layout":"","site-content-style":"default","site-sidebar-style":"default","ast-global-header-display":"","ast-banner-title-visibility":"","ast-main-header-display":"","ast-hfb-above-header-display":"","ast-hfb-below-header-display":"","ast-hfb-mobile-header-display":"","site-post-title":"disabled","ast-breadcrumbs-content":"","ast-featured-img":"disabled","footer-sml-layout":"","theme-transparent-header-meta":"","adv-header-id-meta":"","stick-header-meta":"","header-above-stick-meta":"","header-main-stick-meta":"","header-below-stick-meta":"","astra-migrate-meta-layouts":"set","ast-page-background-enabled":"default","ast-page-background-meta":{"desktop":{"background-color":"var(--ast-global-color-5)","background-image":"","background-repeat":"repeat","background-position":"center center","background-size":"auto","background-attachment":"scroll","background-type":"","background-media":"","overlay-type":"","overlay-color":"","overlay-opacity":"","overlay-gradient":""},"tablet":{"background-color":"","background-image":"","background-repeat":"repeat","background-position":"center center","background-size":"auto","background-attachment":"scroll","background-type":"","background-media":"","overlay-type":"","overlay-color":"","overlay-opacity":"","overlay-gradient":""},"mobile":{"background-color":"","background-image":"","background-repeat":"repeat","background-position":"center center","background-size":"auto","background-attachment":"scroll","background-type":"","background-media":"","overlay-type":"","overlay-color":"","overlay-opacity":"","overlay-gradient":""}},"ast-content-background-meta":{"desktop":{"background-color":"var(--ast-global-color-4)","background-image":"","background-repeat":"repeat","background-position":"center center","background-size":"auto","background-attachment":"scroll","background-type":"","background-media":"","overlay-type":"","overlay-color":"","overlay-opacity":"","overlay-gradient":""},"tablet":{"background-color":"var(--ast-global-color-4)","background-image":"","background-repeat":"repeat","background-position":"center center","background-size":"auto","background-attachment":"scroll","background-type":"","background-media":"","overlay-type":"","overlay-color":"","overlay-opacity":"","overlay-gradient":""},"mobile":{"background-color":"var(--ast-global-color-4)","background-image":"","background-repeat":"repeat","background-position":"center center","background-size":"auto","background-attachment":"scroll","background-type":"","background-media":"","overlay-type":"","overlay-color":"","overlay-opacity":"","overlay-gradient":""}}},"acf":[],"_links":{"self":[{"href":"https:\/\/plancabanyal.es\/va\/wp-json\/wp\/v2\/pages\/10999"}],"collection":[{"href":"https:\/\/plancabanyal.es\/va\/wp-json\/wp\/v2\/pages"}],"about":[{"href":"https:\/\/plancabanyal.es\/va\/wp-json\/wp\/v2\/types\/page"}],"author":[{"embeddable":true,"href":"https:\/\/plancabanyal.es\/va\/wp-json\/wp\/v2\/users\/2"}],"replies":[{"embeddable":true,"href":"https:\/\/plancabanyal.es\/va\/wp-json\/wp\/v2\/comments?post=10999"}],"version-history":[{"count":10,"href":"https:\/\/plancabanyal.es\/va\/wp-json\/wp\/v2\/pages\/10999\/revisions"}],"predecessor-version":[{"id":12171,"href":"https:\/\/plancabanyal.es\/va\/wp-json\/wp\/v2\/pages\/10999\/revisions\/12171"}],"up":[{"embeddable":true,"href":"https:\/\/plancabanyal.es\/va\/wp-json\/wp\/v2\/pages\/994"}],"wp:attachment":[{"href":"https:\/\/plancabanyal.es\/va\/wp-json\/wp\/v2\/media?parent=10999"}],"curies":[{"name":"wp","href":"https:\/\/api.w.org\/{rel}","templated":true}]}}