{"id":1008,"date":"2021-07-12T10:32:37","date_gmt":"2021-07-12T10:32:37","guid":{"rendered":"https:\/\/plancabanyal.es\/societat-gestora\/transparencia\/"},"modified":"2025-06-19T10:46:08","modified_gmt":"2025-06-19T08:46:08","slug":"transparencia","status":"publish","type":"page","link":"https:\/\/plancabanyal.es\/va\/societat-gestora\/transparencia\/","title":{"rendered":"Transpar\u00e8ncia"},"content":{"rendered":"<p>[vc_row][vc_column][vc_column_text]<\/p>\n<h2><\/h2>\n<h2 style=\"text-align: center;\">Portal de Transpar\u00e8ncia<\/h2>\n<p>[\/vc_column_text][vc_column_text]<\/p>\n<div style=\"font-family: 'Poppins', sans-serif; max-width: 800px; margin: auto; padding: 30px 20px; background-color: #f9f9f9; border-radius: 10px; box-shadow: 0 0 10px rgba(0,0,0,0.05); color: #333;\">\n<p style=\"font-size: 16px; text-align: left;\">Accedix al Portal de Transpar\u00e8ncia de Plan Cabanyal-Canyamelar, S. A., en el qual trobar\u00e0s la seg\u00fcent informaci\u00f3 detallada i actualitzada sobre l&#8217;entitat:<\/p>\n<ul style=\"font-size: 16px; padding-left: 0; margin-top: 20px; line-height: 1.8; list-style: none; border: 1px solid #ddd; border-radius: 8px; overflow: hidden;\">\n<li style=\"padding: 12px 15px; border-bottom: 1px solid #ddd;\">\u2014 Informaci\u00f3 institucional, organitzativa i de planificaci\u00f3<\/li>\n<li style=\"padding: 12px 15px; border-bottom: 1px solid #ddd;\">\u2014 Informaci\u00f3 de rellev\u00e0ncia jur\u00eddica i patrimonial<\/li>\n<li style=\"padding: 12px 15px; border-bottom: 1px solid #ddd;\">\u2014 Informaci\u00f3 sobre contractaci\u00f3, convenis i subvencions<\/li>\n<li style=\"padding: 12px 15px; border-bottom: 1px solid #ddd;\">\u2014 Informaci\u00f3 econ\u00f2mica, pressupost\u00e0ria i estad\u00edstica<\/li>\n<li style=\"padding: 12px 15px;\">\u2014 Informaci\u00f3 mediambiental i urban\u00edstica<\/li>\n<\/ul>\n<div style=\"text-align: center; margin-top: 30px;\"><a style=\"display: inline-block; background-color: #005b82; color: white; padding: 12px 25px; border-radius: 6px; text-decoration: none; font-weight: 600;\" href=\"https:\/\/www.valencia.es\/web\/transparencia-plan-cabanyal-canyamelar\" target=\"_blank\" rel=\"noopener\">Anar al Portal de Transpar\u00e8ncia<br \/>\n<\/a><\/div>\n<\/div>\n<p>[\/vc_column_text][\/vc_column][\/vc_row]<\/p>\n","protected":false},"excerpt":{"rendered":"<p>[vc_row][vc_column][vc_column_text] Portal de Transpar\u00e8ncia [\/vc_column_text][vc_column_text] Accedix al Portal de Transpar\u00e8ncia de Plan Cabanyal-Canyamelar, S. A., en el qual trobar\u00e0s la [&hellip;]<\/p>\n","protected":false},"author":1,"featured_media":0,"parent":1004,"menu_order":0,"comment_status":"closed","ping_status":"closed","template":"","meta":{"site-sidebar-layout":"no-sidebar","site-content-layout":"plain-container","ast-site-content-layout":"default","site-content-style":"default","site-sidebar-style":"default","ast-global-header-display":"","ast-banner-title-visibility":"","ast-main-header-display":"","ast-hfb-above-header-display":"","ast-hfb-below-header-display":"","ast-hfb-mobile-header-display":"","site-post-title":"disabled","ast-breadcrumbs-content":"","ast-featured-img":"disabled","footer-sml-layout":"","theme-transparent-header-meta":"default","adv-header-id-meta":"","stick-header-meta":"","header-above-stick-meta":"","header-main-stick-meta":"","header-below-stick-meta":"","astra-migrate-meta-layouts":"set","ast-page-background-enabled":"default","ast-page-background-meta":{"desktop":{"background-color":"var(--ast-global-color-5)","background-image":"","background-repeat":"repeat","background-position":"center center","background-size":"auto","background-attachment":"scroll","background-type":"","background-media":"","overlay-type":"","overlay-color":"","overlay-opacity":"","overlay-gradient":""},"tablet":{"background-color":"","background-image":"","background-repeat":"repeat","background-position":"center center","background-size":"auto","background-attachment":"scroll","background-type":"","background-media":"","overlay-type":"","overlay-color":"","overlay-opacity":"","overlay-gradient":""},"mobile":{"background-color":"","background-image":"","background-repeat":"repeat","background-position":"center center","background-size":"auto","background-attachment":"scroll","background-type":"","background-media":"","overlay-type":"","overlay-color":"","overlay-opacity":"","overlay-gradient":""}},"ast-content-background-meta":{"desktop":{"background-color":"var(--ast-global-color-4)","background-image":"","background-repeat":"repeat","background-position":"center center","background-size":"auto","background-attachment":"scroll","background-type":"","background-media":"","overlay-type":"","overlay-color":"","overlay-opacity":"","overlay-gradient":""},"tablet":{"background-color":"var(--ast-global-color-4)","background-image":"","background-repeat":"repeat","background-position":"center center","background-size":"auto","background-attachment":"scroll","background-type":"","background-media":"","overlay-type":"","overlay-color":"","overlay-opacity":"","overlay-gradient":""},"mobile":{"background-color":"var(--ast-global-color-4)","background-image":"","background-repeat":"repeat","background-position":"center center","background-size":"auto","background-attachment":"scroll","background-type":"","background-media":"","overlay-type":"","overlay-color":"","overlay-opacity":"","overlay-gradient":""}}},"acf":[],"_links":{"self":[{"href":"https:\/\/plancabanyal.es\/va\/wp-json\/wp\/v2\/pages\/1008"}],"collection":[{"href":"https:\/\/plancabanyal.es\/va\/wp-json\/wp\/v2\/pages"}],"about":[{"href":"https:\/\/plancabanyal.es\/va\/wp-json\/wp\/v2\/types\/page"}],"author":[{"embeddable":true,"href":"https:\/\/plancabanyal.es\/va\/wp-json\/wp\/v2\/users\/1"}],"replies":[{"embeddable":true,"href":"https:\/\/plancabanyal.es\/va\/wp-json\/wp\/v2\/comments?post=1008"}],"version-history":[{"count":11,"href":"https:\/\/plancabanyal.es\/va\/wp-json\/wp\/v2\/pages\/1008\/revisions"}],"predecessor-version":[{"id":12202,"href":"https:\/\/plancabanyal.es\/va\/wp-json\/wp\/v2\/pages\/1008\/revisions\/12202"}],"up":[{"embeddable":true,"href":"https:\/\/plancabanyal.es\/va\/wp-json\/wp\/v2\/pages\/1004"}],"wp:attachment":[{"href":"https:\/\/plancabanyal.es\/va\/wp-json\/wp\/v2\/media?parent=1008"}],"curies":[{"name":"wp","href":"https:\/\/api.w.org\/{rel}","templated":true}]}}