{"id":78,"date":"2021-07-12T08:18:02","date_gmt":"2021-07-12T08:18:02","guid":{"rendered":"https:\/\/plancabanyal.es\/?page_id=78"},"modified":"2025-06-30T14:49:02","modified_gmt":"2025-06-30T12:49:02","slug":"inicio","status":"publish","type":"page","link":"https:\/\/plancabanyal.es\/en\/","title":{"rendered":"Home"},"content":{"rendered":"\n<style>\n  .banner-container {\n    position: relative;\n    height: 90px;\n    overflow: hidden;\n    font-family: 'Poppins', sans-serif;\n  }\n \n  .banner-slide {\n    position: absolute;\n    top: 0; left: 0;\n    width: 100%; height: 100%;\n    background-size: cover;\n    background-position: center;\n    opacity: 0;\n    animation-name: fadeInOut;\n    animation-duration: 6s;\n    animation-timing-function: ease-in-out;\n    animation-iteration-count: infinite;\n  }\n \n  .banner-slide:nth-child(1) {\n    background-image: url('https:\/\/plancabanyal.es\/wp-content\/uploads\/2025\/06\/WhatsApp-Image-2025-06-18-at-12.21.05-e1750242666551.jpeg');\n    animation-delay: 0s;\n  }\n \n  .banner-slide:nth-child(2) {\n    background-image: url('https:\/\/plancabanyal.es\/wp-content\/uploads\/2025\/06\/WhatsApp-Image-2025-06-18-at-11.52.00.jpeg');\n    animation-delay: 2s;\n  }\n \n  .banner-slide:nth-child(3) {\n    background-image: url('https:\/\/plancabanyal.es\/wp-content\/uploads\/2025\/06\/WhatsApp-Image-2025-06-18-at-11.52.08.jpeg');\n    animation-delay: 4s;\n  }\n \n  @keyframes fadeInOut {\n    0% { opacity: 0; }\n    10% { opacity: 1; }\n    33% { opacity: 1; }\n    43% { opacity: 0; }\n    100% { opacity: 0; }\n  }\n \n  .banner-text {\n    position: absolute;\n    top: 50%; left: 50%;\n    transform: translate(-50%, -50%);\n    text-align: center;\n    color: white;\n    font-weight: 700;\n    font-size: 1.6rem;\n    text-shadow: 1px 1px 6px rgba(0, 0, 0, 0.6);\n    white-space: nowrap;\n    z-index: 2;\n  }\n \n  .banner-text::after {\n    content: \"Rehabilitation\";\n    animation: changeWord 9s infinite;\n  }\n \n  @keyframes changeWord {\n    0%, 33% {\n      content: \"Rehabilitation\";\n    }\n    34%, 66% {\n      content: \"Revitalization\";\n    }\n    67%, 100% {\n      content: \"Regeneration\";\n    }\n  }\n \n  @media screen and (max-width: 768px) {\n    .banner-container {\n      height: 60px;\n    }\n    .banner-text {\n      font-size: 1rem;\n    }\n  }\n<\/style>\n \n<div class=\"banner-container\">\n<div class=\"banner-slide\"><\/div>\n<div class=\"banner-slide\"><\/div>\n<div class=\"banner-slide\"><\/div>\n<div class=\"banner-text\"><\/div>\n<\/div>\n\n\n\n<div class=\"wp-block-media-text alignwide is-stacked-on-mobile\"><figure class=\"wp-block-media-text__media\"><img loading=\"lazy\" width=\"1024\" height=\"1024\" src=\"https:\/\/plancabanyal.es\/wp-content\/uploads\/2025\/06\/ChatGPT-Image-12-jun-2025-17_11_57-1.png\" alt=\"\" class=\"wp-image-11912 size-full\" srcset=\"https:\/\/plancabanyal.es\/wp-content\/uploads\/2025\/06\/ChatGPT-Image-12-jun-2025-17_11_57-1.png 1024w, https:\/\/plancabanyal.es\/wp-content\/uploads\/2025\/06\/ChatGPT-Image-12-jun-2025-17_11_57-1-300x300.png 300w, https:\/\/plancabanyal.es\/wp-content\/uploads\/2025\/06\/ChatGPT-Image-12-jun-2025-17_11_57-1-150x150.png 150w, https:\/\/plancabanyal.es\/wp-content\/uploads\/2025\/06\/ChatGPT-Image-12-jun-2025-17_11_57-1-768x768.png 768w\" sizes=\"(max-width: 1024px) 100vw, 1024px\" \/><\/figure><div class=\"wp-block-media-text__content\">\n<h2> Get to Know PCCSA <\/h2>\n\n\n\n<p>Plan Cabanyal-Canyamelar, S.A.is a trading company owned 50% by Valencia City Council, through Actuaciones Urbanas Municipales, S.A. (AUMSA), and 50% by the Generalitat Valenciana, through the Entidad Valenciana de Vivienda y Suelo (EVHA).<\/p>\n\n\n\n<p>Its corporate purpose is to carry out all the urban development and building actions necessary for the rehabilitation of the spaces in the Cabanyal-Canyamelar neighbourhood, as well as to carry out all those interventions that also contribute to the revitalisation of the Cabanyal-Canyamelar neighbourhood.<\/p>\n<\/div><\/div>\n\n\n\n<hr class=\"wp-block-separator\"\/>\n\n\n\n<h2 class=\"has-text-align-center\">One clic away<\/h2>\n\n\n\n<section style=\"font-family: 'Poppins', sans-serif; max-width: 1100px; margin: auto; padding: 50px 20px;\">\n  <div style=\"display: grid; grid-template-columns: repeat(auto-fit, minmax(300px, 1fr)); gap: 30px;\">\n\n    <a href=\"https:\/\/plancabanyal.es\/en\/contractor-profile\/tenders\/\" style=\"text-decoration: none;\">\n      <div style=\"border-radius: 12px; overflow: hidden; box-shadow: 0 8px 24px rgba(0,0,0,0.06); background-color: #fff; transition: transform 0.3s, box-shadow 0.3s;\">\n        <div style=\"overflow: hidden;\">\n          <img style=\"width: 100%; height: 180px; object-fit: cover; transition: transform 0.3s;\" src=\"https:\/\/plancabanyal.es\/wp-content\/uploads\/2025\/06\/Padre-Luis-Navarro-221-scaled.jpg\" alt=\"Licitaciones\">\n        <\/div>\n        <div style=\"padding: 20px; text-align: center;\">\n          <h3 style=\"font-weight: 600; font-size: 1.2rem; color: #005b82; margin: 0;\">Tenders<\/h3>\n        <\/div>\n      <\/div>\n    <\/a>\n\n    <a href=\"https:\/\/plancabanyal.es\/en\/restoration-office\/grants\/\" style=\"text-decoration: none;\">\n      <div style=\"border-radius: 12px; overflow: hidden; box-shadow: 0 8px 24px rgba(0,0,0,0.06); background-color: #fff; transition: transform 0.3s, box-shadow 0.3s;\">\n        <div style=\"overflow: hidden;\">\n          <img style=\"width: 100%; height: 180px; object-fit: cover; transition: transform 0.3s;\" src=\"https:\/\/plancabanyal.es\/wp-content\/uploads\/2025\/06\/WhatsApp-Image-2025-06-12-at-10.14.52.jpeg\" alt=\"Subvenciones\">\n        <\/div>\n        <div style=\"padding: 20px; text-align: center;\">\n          <h3 style=\"font-weight: 600; font-size: 1.2rem; color: #005b82; margin: 0;\">Grants<\/h3>\n        <\/div>\n      <\/div>\n    <\/a>\n\n    <a href=\"https:\/\/plancabanyal.es\/en\/planning-for-cabanyal-canyamelar\/pec\/\" style=\"text-decoration: none;\">\n      <div style=\"border-radius: 12px; overflow: hidden; box-shadow: 0 8px 24px rgba(0,0,0,0.06); background-color: #fff; transition: transform 0.3s, box-shadow 0.3s;\">\n        <div style=\"overflow: hidden;\">\n          <img style=\"width: 100%; height: 180px; object-fit: cover; transition: transform 0.3s;\" src=\"https:\/\/plancabanyal.es\/wp-content\/uploads\/2025\/06\/0315-PEC-CABANYAL-1.jpg\" alt=\"Plan Especial del Cabanyal\">\n        <\/div>\n        <div style=\"padding: 20px; text-align: center;\">\n          <h3 style=\"font-weight: 600; font-size: 1.2rem; color: #005b82; margin: 0;\">Plan Especial del Cabanyal<\/h3>\n        <\/div>\n      <\/div>\n    <\/a>\n\n  <\/div>\n<\/section>\n\n<style>\n  a:hover img {\n    transform: scale(1.05);\n  }\n  a:hover div {\n    box-shadow: 0 10px 28px rgba(0,0,0,0.12);\n  }\n<\/style>\n\n\n\n<hr class=\"wp-block-separator\"\/>\n\n\n<h2 style=\"text-align: center;\">News<\/h2>\n\n\n<div class=\"wp-block-columns\">\n<div class=\"wp-block-column\">\n<div class=\"wp-block-columns\">\n<div class=\"wp-block-column is-vertically-aligned-center\"><ul class=\"wp-block-latest-posts__list is-grid columns-3 wp-block-latest-posts\"><li><div class=\"wp-block-latest-posts__featured-image aligncenter\"><img width=\"244\" height=\"300\" src=\"https:\/\/plancabanyal.es\/wp-content\/uploads\/2026\/05\/imagen-4-244x300.png\" class=\"attachment-medium size-medium wp-post-image\" alt=\"\" loading=\"lazy\" style=\"\" srcset=\"https:\/\/plancabanyal.es\/wp-content\/uploads\/2026\/05\/imagen-4-244x300.png 244w, https:\/\/plancabanyal.es\/wp-content\/uploads\/2026\/05\/imagen-4.png 494w\" sizes=\"(max-width: 244px) 100vw, 244px\" \/><\/div><a href=\"https:\/\/plancabanyal.es\/en\/valencia-repartira-miles-de-raciones-gratis-de-clochina-valenciana-en-una-gran-fiesta-en-el-cabanyal\/\">Valencia repartir\u00e1 miles de raciones gratis de cl\u00f3china valenciana en una gran fiesta en el Cabanyal<\/a><\/li>\n<li><div class=\"wp-block-latest-posts__featured-image aligncenter\"><img width=\"300\" height=\"169\" src=\"https:\/\/plancabanyal.es\/wp-content\/uploads\/2026\/05\/0513-Renovacio-sanejament-Poblats-Maritims_web-1-300x169.jpg\" class=\"attachment-medium size-medium wp-post-image\" alt=\"\" loading=\"lazy\" style=\"\" srcset=\"https:\/\/plancabanyal.es\/wp-content\/uploads\/2026\/05\/0513-Renovacio-sanejament-Poblats-Maritims_web-1-300x169.jpg 300w, https:\/\/plancabanyal.es\/wp-content\/uploads\/2026\/05\/0513-Renovacio-sanejament-Poblats-Maritims_web-1-1024x576.jpg 1024w, https:\/\/plancabanyal.es\/wp-content\/uploads\/2026\/05\/0513-Renovacio-sanejament-Poblats-Maritims_web-1-768x432.jpg 768w, https:\/\/plancabanyal.es\/wp-content\/uploads\/2026\/05\/0513-Renovacio-sanejament-Poblats-Maritims_web-1-1536x864.jpg 1536w, https:\/\/plancabanyal.es\/wp-content\/uploads\/2026\/05\/0513-Renovacio-sanejament-Poblats-Maritims_web-1.jpg 1920w\" sizes=\"(max-width: 300px) 100vw, 300px\" \/><\/div><a href=\"https:\/\/plancabanyal.es\/en\/valencia-invierte-mas-de-18-millones-en-la-renovacion-integral-del-saneamiento-de-poblats-maritims\/\">Val\u00e8ncia invierte m\u00e1s de 1,8 millones en la renovaci\u00f3n integral del saneamiento de Poblats Mar\u00edtims<\/a><\/li>\n<li><div class=\"wp-block-latest-posts__featured-image aligncenter\"><img width=\"300\" height=\"169\" src=\"https:\/\/plancabanyal.es\/wp-content\/uploads\/2026\/05\/0506-Transit-IES-Cabanyal-3-300x169.jpg\" class=\"attachment-medium size-medium wp-post-image\" alt=\"\" loading=\"lazy\" style=\"\" srcset=\"https:\/\/plancabanyal.es\/wp-content\/uploads\/2026\/05\/0506-Transit-IES-Cabanyal-3-300x169.jpg 300w, https:\/\/plancabanyal.es\/wp-content\/uploads\/2026\/05\/0506-Transit-IES-Cabanyal-3-1024x576.jpg 1024w, https:\/\/plancabanyal.es\/wp-content\/uploads\/2026\/05\/0506-Transit-IES-Cabanyal-3-768x432.jpg 768w, https:\/\/plancabanyal.es\/wp-content\/uploads\/2026\/05\/0506-Transit-IES-Cabanyal-3-1536x864.jpg 1536w, https:\/\/plancabanyal.es\/wp-content\/uploads\/2026\/05\/0506-Transit-IES-Cabanyal-3.jpg 1600w\" sizes=\"(max-width: 300px) 100vw, 300px\" \/><\/div><a href=\"https:\/\/plancabanyal.es\/en\/el-ayuntamiento-ejecuta-medidas-de-pacificacion-del-trafico-en-el-entorno-del-ies-cabanyal\/\">El Ayuntamiento ejecuta medidas de pacificaci\u00f3n del tr\u00e1fico en el entorno del IES Cabanyal<\/a><\/li>\n<li><div class=\"wp-block-latest-posts__featured-image aligncenter\"><img width=\"300\" height=\"169\" src=\"https:\/\/plancabanyal.es\/wp-content\/uploads\/2026\/05\/0508-Imatge-darxiu-\u00a9Microfilm-Setmana-Santa-Marinera-300x169.jpg\" class=\"attachment-medium size-medium wp-post-image\" alt=\"\" loading=\"lazy\" style=\"\" srcset=\"https:\/\/plancabanyal.es\/wp-content\/uploads\/2026\/05\/0508-Imatge-darxiu-\u00a9Microfilm-Setmana-Santa-Marinera-300x169.jpg 300w, https:\/\/plancabanyal.es\/wp-content\/uploads\/2026\/05\/0508-Imatge-darxiu-\u00a9Microfilm-Setmana-Santa-Marinera-1024x576.jpg 1024w, https:\/\/plancabanyal.es\/wp-content\/uploads\/2026\/05\/0508-Imatge-darxiu-\u00a9Microfilm-Setmana-Santa-Marinera-768x432.jpg 768w, https:\/\/plancabanyal.es\/wp-content\/uploads\/2026\/05\/0508-Imatge-darxiu-\u00a9Microfilm-Setmana-Santa-Marinera.jpg 1200w\" sizes=\"(max-width: 300px) 100vw, 300px\" \/><\/div><a href=\"https:\/\/plancabanyal.es\/en\/la-junta-municipal-del-maritimo-invita-a-la-ciudadania-para-que-visibilice-la-semana-santa-marinera-con-fotografias\/\">La Junta Municipal del Mar\u00edtimo invita a la ciudadan\u00eda para que visibilice la Semana Santa Marinera con fotograf\u00edas<\/a><\/li>\n<li><div class=\"wp-block-latest-posts__featured-image aligncenter\"><img width=\"300\" height=\"169\" src=\"https:\/\/plancabanyal.es\/wp-content\/uploads\/2026\/04\/0429-Dia-Jazz--300x169.jpg\" class=\"attachment-medium size-medium wp-post-image\" alt=\"\" loading=\"lazy\" style=\"\" srcset=\"https:\/\/plancabanyal.es\/wp-content\/uploads\/2026\/04\/0429-Dia-Jazz--300x169.jpg 300w, https:\/\/plancabanyal.es\/wp-content\/uploads\/2026\/04\/0429-Dia-Jazz--1024x576.jpg 1024w, https:\/\/plancabanyal.es\/wp-content\/uploads\/2026\/04\/0429-Dia-Jazz--768x432.jpg 768w, https:\/\/plancabanyal.es\/wp-content\/uploads\/2026\/04\/0429-Dia-Jazz-.jpg 1312w\" sizes=\"(max-width: 300px) 100vw, 300px\" \/><\/div><a href=\"https:\/\/plancabanyal.es\/en\/valencia-celebra-este-jueves-el-dia-internacional-del-jazz-con-conciertos-gratuitos-en-la-plaza-del-rosari\/\">Val\u00e8ncia celebra este jueves el D\u00eda Internacional del Jazz con conciertos gratuitos en la plaza del Rosari<\/a><\/li>\n<li><div class=\"wp-block-latest-posts__featured-image aligncenter\"><img width=\"240\" height=\"300\" src=\"https:\/\/plancabanyal.es\/wp-content\/uploads\/2026\/04\/CARTEL-CAST-240x300.jpeg\" class=\"attachment-medium size-medium wp-post-image\" alt=\"\" loading=\"lazy\" style=\"\" srcset=\"https:\/\/plancabanyal.es\/wp-content\/uploads\/2026\/04\/CARTEL-CAST-240x300.jpeg 240w, https:\/\/plancabanyal.es\/wp-content\/uploads\/2026\/04\/CARTEL-CAST-819x1024.jpeg 819w, https:\/\/plancabanyal.es\/wp-content\/uploads\/2026\/04\/CARTEL-CAST-768x960.jpeg 768w, https:\/\/plancabanyal.es\/wp-content\/uploads\/2026\/04\/CARTEL-CAST.jpeg 1080w\" sizes=\"(max-width: 240px) 100vw, 240px\" \/><\/div><a href=\"https:\/\/plancabanyal.es\/en\/participa-en-el-concurso-de-fotografia-de-la-semana-santa-marinera-de-valencia\/\">Participa en el concurso de fotograf\u00eda de la Semana Santa Marinera de Val\u00e8ncia<\/a><\/li>\n<\/ul><\/div>\n<\/div>\n<\/div>\n<\/div>\n\n\n\n<hr class=\"wp-block-separator\"\/>\n\n\n\n<div class=\"wp-block-media-text alignwide has-media-on-the-right is-stacked-on-mobile\"><figure class=\"wp-block-media-text__media\"><img loading=\"lazy\" width=\"1024\" height=\"683\" src=\"https:\/\/plancabanyal.es\/wp-content\/uploads\/2025\/06\/ChatGPT-Image-12-jun-2025-18_22_36-1024x683.jpg\" alt=\"\" class=\"wp-image-11938 size-full\" srcset=\"https:\/\/plancabanyal.es\/wp-content\/uploads\/2025\/06\/ChatGPT-Image-12-jun-2025-18_22_36-1024x683.jpg 1024w, https:\/\/plancabanyal.es\/wp-content\/uploads\/2025\/06\/ChatGPT-Image-12-jun-2025-18_22_36-300x200.jpg 300w, https:\/\/plancabanyal.es\/wp-content\/uploads\/2025\/06\/ChatGPT-Image-12-jun-2025-18_22_36-768x512.jpg 768w, https:\/\/plancabanyal.es\/wp-content\/uploads\/2025\/06\/ChatGPT-Image-12-jun-2025-18_22_36.jpg 1536w\" sizes=\"(max-width: 1024px) 100vw, 1024px\" \/><\/figure><div class=\"wp-block-media-text__content\">\n<h2> Cabanyal-Canyamelar <\/h2>\n\n\n\n<p>Cabanyal-Canyamelar is a historic neighbourhood in the maritime district of Valencia, with a strong identity of its own and deep seafaring roots. Its unique and protected urban layout reflects the history of a community linked to the sea, with streets running parallel to the coast and traditional architecture of great heritage value, especially the houses decorated with colourful tiles.<\/p>\n\n\n\n<p>This neighbourhood represents a living cultural heritage, where tradition coexists with the processes of urban rehabilitation and social revitalisation. In recent years, Cabanyal-Canyamelar has been moving towards a regeneration model that values its history, its neighbourhood fabric and its architectural and cultural wealth.<\/p>\n<\/div><\/div>\n\n\n\n<hr class=\"wp-block-separator\"\/>\n\n\n\n<div class=\"wp-block-group\">\n<h2 class=\"has-text-align-center\">Gallery<\/h2>\n\n\n\n<figure class=\"wp-block-gallery columns-6 is-cropped\"><ul class=\"blocks-gallery-grid\"><li class=\"blocks-gallery-item\"><figure><img loading=\"lazy\" width=\"715\" height=\"520\" src=\"https:\/\/plancabanyal.es\/wp-content\/uploads\/2025\/06\/Escalante-225-1.png\" alt=\"\" data-id=\"12097\" data-full-url=\"https:\/\/plancabanyal.es\/wp-content\/uploads\/2025\/06\/Escalante-225-1.png\" data-link=\"https:\/\/plancabanyal.es\/va\/escalante-225-2\/\" class=\"wp-image-12097\" srcset=\"https:\/\/plancabanyal.es\/wp-content\/uploads\/2025\/06\/Escalante-225-1.png 715w, https:\/\/plancabanyal.es\/wp-content\/uploads\/2025\/06\/Escalante-225-1-300x218.png 300w\" sizes=\"(max-width: 715px) 100vw, 715px\" \/><\/figure><\/li><li class=\"blocks-gallery-item\"><figure><img loading=\"lazy\" width=\"406\" height=\"599\" src=\"https:\/\/plancabanyal.es\/wp-content\/uploads\/2025\/06\/Progreso-279-1.png\" alt=\"\" data-id=\"12100\" data-full-url=\"https:\/\/plancabanyal.es\/wp-content\/uploads\/2025\/06\/Progreso-279-1.png\" data-link=\"https:\/\/plancabanyal.es\/va\/progreso-279-2\/\" class=\"wp-image-12100\" srcset=\"https:\/\/plancabanyal.es\/wp-content\/uploads\/2025\/06\/Progreso-279-1.png 406w, https:\/\/plancabanyal.es\/wp-content\/uploads\/2025\/06\/Progreso-279-1-203x300.png 203w\" sizes=\"(max-width: 406px) 100vw, 406px\" \/><\/figure><\/li><li class=\"blocks-gallery-item\"><figure><img loading=\"lazy\" width=\"849\" height=\"739\" src=\"https:\/\/plancabanyal.es\/wp-content\/uploads\/2025\/06\/LEscorxador-1.png\" alt=\"\" data-id=\"12103\" data-full-url=\"https:\/\/plancabanyal.es\/wp-content\/uploads\/2025\/06\/LEscorxador-1.png\" data-link=\"https:\/\/plancabanyal.es\/va\/lescorxador-2\/\" class=\"wp-image-12103\" srcset=\"https:\/\/plancabanyal.es\/wp-content\/uploads\/2025\/06\/LEscorxador-1.png 849w, https:\/\/plancabanyal.es\/wp-content\/uploads\/2025\/06\/LEscorxador-1-300x261.png 300w, https:\/\/plancabanyal.es\/wp-content\/uploads\/2025\/06\/LEscorxador-1-768x668.png 768w\" sizes=\"(max-width: 849px) 100vw, 849px\" \/><\/figure><\/li><li class=\"blocks-gallery-item\"><figure><img loading=\"lazy\" width=\"484\" height=\"336\" src=\"https:\/\/plancabanyal.es\/wp-content\/uploads\/2025\/06\/Progreso-262-1.png\" alt=\"\" data-id=\"12106\" data-full-url=\"https:\/\/plancabanyal.es\/wp-content\/uploads\/2025\/06\/Progreso-262-1.png\" data-link=\"https:\/\/plancabanyal.es\/va\/progreso-262-2\/\" class=\"wp-image-12106\" srcset=\"https:\/\/plancabanyal.es\/wp-content\/uploads\/2025\/06\/Progreso-262-1.png 484w, https:\/\/plancabanyal.es\/wp-content\/uploads\/2025\/06\/Progreso-262-1-300x208.png 300w\" sizes=\"(max-width: 484px) 100vw, 484px\" \/><\/figure><\/li><li class=\"blocks-gallery-item\"><figure><img loading=\"lazy\" width=\"1024\" height=\"768\" src=\"https:\/\/plancabanyal.es\/wp-content\/uploads\/2025\/06\/WhatsApp-Image-2025-06-30-at-09.57.15-1024x768.jpeg\" alt=\"\" data-id=\"12319\" data-full-url=\"https:\/\/plancabanyal.es\/wp-content\/uploads\/2025\/06\/WhatsApp-Image-2025-06-30-at-09.57.15.jpeg\" data-link=\"https:\/\/plancabanyal.es\/va\/whatsapp-image-2025-06-30-at-09-57-15-2\/\" class=\"wp-image-12319\" srcset=\"https:\/\/plancabanyal.es\/wp-content\/uploads\/2025\/06\/WhatsApp-Image-2025-06-30-at-09.57.15-1024x768.jpeg 1024w, https:\/\/plancabanyal.es\/wp-content\/uploads\/2025\/06\/WhatsApp-Image-2025-06-30-at-09.57.15-300x225.jpeg 300w, https:\/\/plancabanyal.es\/wp-content\/uploads\/2025\/06\/WhatsApp-Image-2025-06-30-at-09.57.15-768x576.jpeg 768w, https:\/\/plancabanyal.es\/wp-content\/uploads\/2025\/06\/WhatsApp-Image-2025-06-30-at-09.57.15-1536x1152.jpeg 1536w, https:\/\/plancabanyal.es\/wp-content\/uploads\/2025\/06\/WhatsApp-Image-2025-06-30-at-09.57.15.jpeg 1600w\" sizes=\"(max-width: 1024px) 100vw, 1024px\" \/><\/figure><\/li><li class=\"blocks-gallery-item\"><figure><img loading=\"lazy\" width=\"768\" height=\"1024\" src=\"https:\/\/plancabanyal.es\/wp-content\/uploads\/2025\/06\/WhatsApp-Image-2025-06-30-at-10.34.15-768x1024.jpeg\" alt=\"\" data-id=\"12339\" data-full-url=\"https:\/\/plancabanyal.es\/wp-content\/uploads\/2025\/06\/WhatsApp-Image-2025-06-30-at-10.34.15.jpeg\" data-link=\"https:\/\/plancabanyal.es\/va\/whatsapp-image-2025-06-30-at-10-34-15-2\/\" class=\"wp-image-12339\" srcset=\"https:\/\/plancabanyal.es\/wp-content\/uploads\/2025\/06\/WhatsApp-Image-2025-06-30-at-10.34.15-768x1024.jpeg 768w, https:\/\/plancabanyal.es\/wp-content\/uploads\/2025\/06\/WhatsApp-Image-2025-06-30-at-10.34.15-225x300.jpeg 225w, https:\/\/plancabanyal.es\/wp-content\/uploads\/2025\/06\/WhatsApp-Image-2025-06-30-at-10.34.15-1152x1536.jpeg 1152w, https:\/\/plancabanyal.es\/wp-content\/uploads\/2025\/06\/WhatsApp-Image-2025-06-30-at-10.34.15.jpeg 1200w\" sizes=\"(max-width: 768px) 100vw, 768px\" \/><\/figure><\/li><\/ul><\/figure>\n\n\n\n<div class=\"wp-block-buttons\">\n<div class=\"wp-block-button\"><a class=\"wp-block-button__link\" href=\"\" target=\"_blank\" rel=\"noreferrer noopener\">Click here for more pictures<\/a><\/div>\n<\/div>\n<\/div>\n\n\n\n<hr class=\"wp-block-separator\"\/>\n\n\n\n<figure class=\"wp-block-embed is-type-rich is-provider-spotify wp-block-embed-spotify wp-embed-aspect-21-9 wp-has-aspect-ratio\"><div class=\"wp-block-embed__wrapper\">\n<div class=\"ast-oembed-container \" style=\"height: 100%;\"><iframe title=\"Spotify Embed: UN PASEO POR EL CABANYAL-CANYAMELAR\" style=\"border-radius: 12px\" width=\"100%\" height=\"152\" frameborder=\"0\" allowfullscreen allow=\"autoplay; clipboard-write; encrypted-media; fullscreen; picture-in-picture\" loading=\"lazy\" src=\"https:\/\/open.spotify.com\/embed\/episode\/1B9F5JxXsdwHodwA88S76k?go=1&#038;sp_cid=59179051a11e66aae5f7738bef34a44f&#038;utm_source=oembed&#038;utm_medium=desktop&#038;nd=1&#038;dlsi=87a2cb9277ca4750\"><\/iframe><\/div>\n<\/div><\/figure>\n","protected":false},"excerpt":{"rendered":"<p>Get to Know PCCSA Plan Cabanyal-Canyamelar, S.A.is a trading company owned 50% by Valencia City Council, through Actuaciones Urbanas Municipales, [&hellip;]<\/p>\n","protected":false},"author":1,"featured_media":0,"parent":119,"menu_order":0,"comment_status":"closed","ping_status":"closed","template":"","meta":{"site-sidebar-layout":"default","site-content-layout":"plain-container","ast-site-content-layout":"default","site-content-style":"default","site-sidebar-style":"default","ast-global-header-display":"","ast-banner-title-visibility":"","ast-main-header-display":"","ast-hfb-above-header-display":"","ast-hfb-below-header-display":"","ast-hfb-mobile-header-display":"","site-post-title":"disabled","ast-breadcrumbs-content":"","ast-featured-img":"disabled","footer-sml-layout":"","theme-transparent-header-meta":"default","adv-header-id-meta":"","stick-header-meta":"","header-above-stick-meta":"","header-main-stick-meta":"","header-below-stick-meta":"","astra-migrate-meta-layouts":"set","ast-page-background-enabled":"default","ast-page-background-meta":{"desktop":{"background-color":"var(--ast-global-color-5)","background-image":"","background-repeat":"repeat","background-position":"center center","background-size":"auto","background-attachment":"scroll","background-type":"","background-media":"","overlay-type":"","overlay-color":"","overlay-opacity":"","overlay-gradient":""},"tablet":{"background-color":"","background-image":"","background-repeat":"repeat","background-position":"center center","background-size":"auto","background-attachment":"scroll","background-type":"","background-media":"","overlay-type":"","overlay-color":"","overlay-opacity":"","overlay-gradient":""},"mobile":{"background-color":"","background-image":"","background-repeat":"repeat","background-position":"center center","background-size":"auto","background-attachment":"scroll","background-type":"","background-media":"","overlay-type":"","overlay-color":"","overlay-opacity":"","overlay-gradient":""}},"ast-content-background-meta":{"desktop":{"background-color":"var(--ast-global-color-4)","background-image":"","background-repeat":"repeat","background-position":"center center","background-size":"auto","background-attachment":"scroll","background-type":"","background-media":"","overlay-type":"","overlay-color":"","overlay-opacity":"","overlay-gradient":""},"tablet":{"background-color":"var(--ast-global-color-4)","background-image":"","background-repeat":"repeat","background-position":"center center","background-size":"auto","background-attachment":"scroll","background-type":"","background-media":"","overlay-type":"","overlay-color":"","overlay-opacity":"","overlay-gradient":""},"mobile":{"background-color":"var(--ast-global-color-4)","background-image":"","background-repeat":"repeat","background-position":"center center","background-size":"auto","background-attachment":"scroll","background-type":"","background-media":"","overlay-type":"","overlay-color":"","overlay-opacity":"","overlay-gradient":""}}},"acf":[],"_links":{"self":[{"href":"https:\/\/plancabanyal.es\/en\/wp-json\/wp\/v2\/pages\/78"}],"collection":[{"href":"https:\/\/plancabanyal.es\/en\/wp-json\/wp\/v2\/pages"}],"about":[{"href":"https:\/\/plancabanyal.es\/en\/wp-json\/wp\/v2\/types\/page"}],"author":[{"embeddable":true,"href":"https:\/\/plancabanyal.es\/en\/wp-json\/wp\/v2\/users\/1"}],"replies":[{"embeddable":true,"href":"https:\/\/plancabanyal.es\/en\/wp-json\/wp\/v2\/comments?post=78"}],"version-history":[{"count":35,"href":"https:\/\/plancabanyal.es\/en\/wp-json\/wp\/v2\/pages\/78\/revisions"}],"predecessor-version":[{"id":12393,"href":"https:\/\/plancabanyal.es\/en\/wp-json\/wp\/v2\/pages\/78\/revisions\/12393"}],"up":[{"embeddable":true,"href":"https:\/\/plancabanyal.es\/en\/wp-json\/wp\/v2\/pages\/119"}],"wp:attachment":[{"href":"https:\/\/plancabanyal.es\/en\/wp-json\/wp\/v2\/media?parent=78"}],"curies":[{"name":"wp","href":"https:\/\/api.w.org\/{rel}","templated":true}]}}