{"id":10998,"date":"2025-06-18T14:09:37","date_gmt":"2025-06-18T12:09:37","guid":{"rendered":"https:\/\/plancabanyal.es\/?page_id=10998"},"modified":"2025-06-18T14:40:01","modified_gmt":"2025-06-18T12:40:01","slug":"information-contractor-profile","status":"publish","type":"page","link":"https:\/\/plancabanyal.es\/en\/contractor-profile\/information-contractor-profile\/","title":{"rendered":"Information contractor profile"},"content":{"rendered":"<p>[vc_row][vc_column][vc_column_text]<\/p>\n<div style=\"font-family: 'Poppins', sans-serif; max-width: 900px; margin: 40px auto; padding: 40px 30px; background: #fff; border-radius: 12px; box-shadow: 0 10px 25px rgba(0,0,0,0.07); color: #333;\">\n<h2 style=\"text-align: center;\">Contractor profile<\/h2>\n<h1 style=\"text-align: center;\"><\/h1>\n<p>Plan Cabanyal-Canyamelar, S.A. is a mercantile society that is part of the public sector of the Valencian Government. For the purposes of the provisions of Law 9\/2017, of 8 November, on Public Sector Contracts (LCSP), it is considered a contracting authority that does not have the status of Public Administration and, consequently, the contracts it signs are of a private nature, governed by the rules of Title I of Book Three of the aforementioned law.<\/p>\n<p>In compliance with the provisions of article 63 LCSP, article 8.1.a) of Law 19\/2013, of 9 December, on Transparency, Access to Public Information and Good Governance and article 20 of Law 1\/2022, of 13 April, on Transparency and Good Governance of the Valencian Community, through these links you can consult the information and documents relating to the contractual activity of the company&#8217;s contracting bodies:<\/p>\n<p>&nbsp;<\/p>\n<ul style=\"list-style: none; padding-left: 0; max-width: 720px; margin: 0 auto 40px auto; border-radius: 10px; background-color: #f4f9fb; box-shadow: inset 0 0 8px rgba(0,0,0,0.04);\">\n<li style=\"border-bottom: 1px solid #d6e4eb; padding: 15px 25px; font-size: 1rem; color: #336b87;\"><a style=\"color: #336b87; text-decoration: underline;\" href=\"https:\/\/contrataciondelestado.es\/wps\/portal\/!ut\/p\/b1\/jc5NDoIwEAXgs3AAM9NSWlkWhVJjFFGr7cZ0YQyGn43x_KJxS3V2k3wv74EDO2Mpo4QkcwFncL1_Njf_aIbet-_f8Ys0-U7qNEZVVznSrBacFdsYkY7AjiCJF8ysTMX3WiHqsliujyRBRfl_eZw4ib_yJ3Bhgl8QmvgBgQ2bcuiuYEcmJosUwgFsBp1ri1TfmZdR9ALbAlao\/dl4\/d5\/L2dBISEvZ0FBIS9nQSEh\/pw\/Z7_AVEQAI930GRPE02BR764FO30G0\/act\/id=0\/p=javax.servlet.include.path_info=QCPjspQCPlistPerfilesQCPAdminAFPListPerfPortletAppView.jsp\/610893420345\/-\/\" target=\"_blank\" rel=\"noopener\">Plataforma de Contrataci\u00f3n del Sector P\u00fablico. \u00d3rgano de contrataci\u00f3n: Consejo de Administraci\u00f3n.<br \/>\n<\/a><\/li>\n<li style=\"padding: 15px 25px; font-size: 1rem; color: #336b87;\"><a style=\"color: #336b87; text-decoration: underline;\" href=\"https:\/\/contrataciondelestado.es\/wps\/portal\/!ut\/p\/b1\/jc5NDoIwEAXgs3AAM9NSWlkWhVJjFFGr7cZ0YQyGn43x_KJxS3V2k3wv74EDO2Mpo4QkcwFncL1_Njf_aIbet-_f8Ys0-U7qNEZVVznSrBacFdsYkY7AjiCJF8ysTMX3WiHqsliujyRBRfl_eZw4ib_yJ3Bhgl8QmvgBgQ2bcuiuYEcmJosUwgFsBp1ri1TfmZdR9ALbAlao\/dl4\/d5\/L2dBISEvZ0FBIS9nQSEh\/pw\/Z7_AVEQAI930GRPE02BR764FO30G0\/act\/id=0\/p=javax.servlet.include.path_info=QCPjspQCPlistPerfilesQCPAdminAFPListPerfPortletAppView.jsp\/610893382790\/-\/\" target=\"_blank\" rel=\"noopener\">Plataforma de Contrataci\u00f3n del Sector P\u00fablico. \u00d3rgano de contrataci\u00f3n: Gerencia.<br \/>\n<\/a><\/li>\n<\/ul>\n<h2 style=\"color: #004d66; font-weight: bold; font-size: 1.7rem; margin-bottom: 25px; letter-spacing: 0.03em; border-bottom: 2px solid #004d66; padding-bottom: 8px;\">Aditional Information<\/h2>\n<section style=\"margin-bottom: 40px;\">\n<h3 style=\"color: #005b82; font-weight: 600; font-size: 1.3rem; margin-bottom: 12px;\">Third party Maintenance Registration (01\/03\/2021)<\/h3>\n<p>To receive payments from Plan Cabanyal-Canyamelar, S.A. suppliers and customers must be registered in the third party registry.<\/p>\n<p>In general, payments to suppliers and customers will be made by bank transfer, to the account designated by the supplier\/customer, which must be opened in the name of the person or entity, in whose favor the order of payment has been issued.<\/p>\n<p>For the addition or change of account, the third party registration request must be submitted again.<\/p>\n<p><a style=\"color: #0077a3; font-weight: 600; text-decoration: none;\" href=\"#\">Form<\/a><\/p>\n<\/section>\n<section style=\"margin-bottom: 40px;\">\n<h3 style=\"color: #005b82; font-weight: 600; font-size: 1.3rem; margin-bottom: 12px;\">PROPER Registration<\/h3>\n<p>Plan Cabanyal-Canyamelar, S.A. is a mercantile society that is part of the public sector of the Valencian Government. In relation to security, it is worth highlighting in the area of the Administration of the Generalitat and the autonomous bodies whose accounts are integrated into the accounting information system of the former, the publication of Order 2\/2022 of the Regional Ministry of Finance and Economic Model.<\/p>\n<p>With regard to the use of automated actions or procedures, by Resolution of 16 June 2022.<\/p>\n<p>Said action or procedure (PROPER) is accessible through the electronic headquarters of the Generalitat.<\/p>\n<p><a style=\"color: #0077a3; font-weight: 600; text-decoration: none;\" href=\"https:\/\/sede.gva.es\" target=\"_blank\" rel=\"noopener\"><br \/>\nPROPER \u2013 (Procedimiento para tramitar las altas, modificaciones y bajas de las domiciliaciones bancarias). Tr\u00e1mite automatizado. \u2013 GVA.ES \u2013 Generalitat Valenciana<br \/>\n<\/a><\/p>\n<\/section>\n<section>\n<h3 style=\"color: #005b82; font-weight: 600; font-size: 1.3rem; margin-bottom: 12px;\">Registration in the Bidders Register<\/h3>\n<p>Before September 9, 2018, bidders who submit to contracting processes convened by this public company made through the simplified open procedure must be registered in the Official Registry of Bidders and Classified Companies of the State (ROLECE) or of the AACC .<\/p>\n<p>Being registered in ROLECE is obligatory, as of September 9, for any company that wants to participate in an administration bidding process.\u00a0Obligatory nature included in 9\/2017 Law, of November 8, on Public Sector Contracts (DT 3\u00aa).<\/p>\n<\/section>\n<\/div>\n<p>[\/vc_column_text][\/vc_column][\/vc_row]<\/p>\n","protected":false},"excerpt":{"rendered":"<p>[vc_row][vc_column][vc_column_text] Contractor profile Plan Cabanyal-Canyamelar, S.A. is a mercantile society that is part of the public sector of the Valencian [&hellip;]<\/p>\n","protected":false},"author":2,"featured_media":0,"parent":195,"menu_order":0,"comment_status":"closed","ping_status":"closed","template":"","meta":{"site-sidebar-layout":"no-sidebar","site-content-layout":"plain-container","ast-site-content-layout":"","site-content-style":"default","site-sidebar-style":"default","ast-global-header-display":"","ast-banner-title-visibility":"","ast-main-header-display":"","ast-hfb-above-header-display":"","ast-hfb-below-header-display":"","ast-hfb-mobile-header-display":"","site-post-title":"disabled","ast-breadcrumbs-content":"","ast-featured-img":"disabled","footer-sml-layout":"","theme-transparent-header-meta":"","adv-header-id-meta":"","stick-header-meta":"","header-above-stick-meta":"","header-main-stick-meta":"","header-below-stick-meta":"","astra-migrate-meta-layouts":"set","ast-page-background-enabled":"default","ast-page-background-meta":{"desktop":{"background-color":"var(--ast-global-color-5)","background-image":"","background-repeat":"repeat","background-position":"center center","background-size":"auto","background-attachment":"scroll","background-type":"","background-media":"","overlay-type":"","overlay-color":"","overlay-opacity":"","overlay-gradient":""},"tablet":{"background-color":"","background-image":"","background-repeat":"repeat","background-position":"center center","background-size":"auto","background-attachment":"scroll","background-type":"","background-media":"","overlay-type":"","overlay-color":"","overlay-opacity":"","overlay-gradient":""},"mobile":{"background-color":"","background-image":"","background-repeat":"repeat","background-position":"center center","background-size":"auto","background-attachment":"scroll","background-type":"","background-media":"","overlay-type":"","overlay-color":"","overlay-opacity":"","overlay-gradient":""}},"ast-content-background-meta":{"desktop":{"background-color":"var(--ast-global-color-4)","background-image":"","background-repeat":"repeat","background-position":"center center","background-size":"auto","background-attachment":"scroll","background-type":"","background-media":"","overlay-type":"","overlay-color":"","overlay-opacity":"","overlay-gradient":""},"tablet":{"background-color":"var(--ast-global-color-4)","background-image":"","background-repeat":"repeat","background-position":"center center","background-size":"auto","background-attachment":"scroll","background-type":"","background-media":"","overlay-type":"","overlay-color":"","overlay-opacity":"","overlay-gradient":""},"mobile":{"background-color":"var(--ast-global-color-4)","background-image":"","background-repeat":"repeat","background-position":"center center","background-size":"auto","background-attachment":"scroll","background-type":"","background-media":"","overlay-type":"","overlay-color":"","overlay-opacity":"","overlay-gradient":""}}},"acf":[],"_links":{"self":[{"href":"https:\/\/plancabanyal.es\/en\/wp-json\/wp\/v2\/pages\/10998"}],"collection":[{"href":"https:\/\/plancabanyal.es\/en\/wp-json\/wp\/v2\/pages"}],"about":[{"href":"https:\/\/plancabanyal.es\/en\/wp-json\/wp\/v2\/types\/page"}],"author":[{"embeddable":true,"href":"https:\/\/plancabanyal.es\/en\/wp-json\/wp\/v2\/users\/2"}],"replies":[{"embeddable":true,"href":"https:\/\/plancabanyal.es\/en\/wp-json\/wp\/v2\/comments?post=10998"}],"version-history":[{"count":8,"href":"https:\/\/plancabanyal.es\/en\/wp-json\/wp\/v2\/pages\/10998\/revisions"}],"predecessor-version":[{"id":12169,"href":"https:\/\/plancabanyal.es\/en\/wp-json\/wp\/v2\/pages\/10998\/revisions\/12169"}],"up":[{"embeddable":true,"href":"https:\/\/plancabanyal.es\/en\/wp-json\/wp\/v2\/pages\/195"}],"wp:attachment":[{"href":"https:\/\/plancabanyal.es\/en\/wp-json\/wp\/v2\/media?parent=10998"}],"curies":[{"name":"wp","href":"https:\/\/api.w.org\/{rel}","templated":true}]}}